{"id":46064,"date":"2025-06-26T02:07:13","date_gmt":"2025-06-26T00:07:13","guid":{"rendered":"https:\/\/www.anonymapparel.com\/?post_type=product&#038;p=46064"},"modified":"2026-04-14T17:34:27","modified_gmt":"2026-04-14T15:34:27","slug":"jo-shirt","status":"publish","type":"product","link":"https:\/\/www.anonymapparel.com\/en\/product\/chemise-jo\/","title":{"rendered":"JO SHIRT"},"content":{"rendered":"<p>Long-sleeved shirt with buttoned cuffs. Back yoke with round pleats.<\/p>\n<p>Straight cut. Length for a size L: 71 cm.<\/p>\n<p>For a looser fit, choose the size larger.<\/p>","protected":false},"excerpt":{"rendered":"<p>Long-sleeved shirt with buttoned cuffs. Back yoke with round pleats. Straight cut. Length for a size L: 71 cm. For a looser fit, choose the size larger.<\/p>","protected":false},"featured_media":42409,"comment_status":"closed","ping_status":"closed","template":"","meta":{"_acf_changed":false},"product_brand":[],"product_cat":[290],"product_tag":[980],"class_list":{"0":"post-46064","1":"product","2":"type-product","3":"status-publish","4":"has-post-thumbnail","6":"product_cat-chemises-polos","7":"product_tag-jo-26","8":"pa_couleur-amiral","9":"pa_couleur-blanc","10":"pa_couleur-capuccino","11":"pa_couleur-carbone","12":"pa_couleur-ciel","13":"pa_couleur-dune","14":"pa_couleur-gris-chine","15":"pa_couleur-marine","16":"pa_couleur-militare","17":"pa_couleur-noir","18":"pa_couleur-topaze","19":"pa_coupe-chemise","20":"pa_coupe-manches-longues","21":"pa_taille-s","22":"pa_taille-m","23":"pa_taille-l","24":"pa_taille-xl","25":"pa_taille-xxl","26":"pa_taille-xxxl","28":"first","29":"instock","30":"taxable","31":"shipping-taxable","32":"product-type-variable","33":"has-default-attributes"},"acf":[],"yoast_head":"<!-- This site is optimized with the Yoast SEO plugin v27.4 - https:\/\/yoast.com\/product\/yoast-seo-wordpress\/ -->\n<title>CHEMISE JO - Anonym Apparel<\/title>\n<meta name=\"robots\" content=\"index, follow, max-snippet:-1, max-image-preview:large, max-video-preview:-1\" \/>\n<link rel=\"canonical\" href=\"https:\/\/www.anonymapparel.com\/en\/product\/jo-shirt\/\" \/>\n<meta property=\"og:locale\" content=\"en_GB\" \/>\n<meta property=\"og:type\" content=\"article\" \/>\n<meta property=\"og:title\" content=\"CHEMISE JO - Anonym Apparel\" \/>\n<meta property=\"og:description\" content=\"Chemise manches longues avec poignets boutonn\u00e9s. Empi\u00e8cement dos avec plis rond. Coupe droite. Longueur pour une taille L : 71 cm. Pour un port\u00e9 plus loose, choisissez la taille au-dessus.\" \/>\n<meta property=\"og:url\" content=\"https:\/\/www.anonymapparel.com\/en\/product\/jo-shirt\/\" \/>\n<meta property=\"og:site_name\" content=\"Anonym Apparel\" \/>\n<meta property=\"article:publisher\" content=\"https:\/\/www.facebook.com\/anonymapparel.fr\" \/>\n<meta property=\"article:modified_time\" content=\"2026-04-14T15:34:27+00:00\" \/>\n<meta property=\"og:image\" content=\"https:\/\/www.anonymapparel.com\/wp-content\/uploads\/2025\/04\/Jo_Noir_07.jpg\" \/>\n\t<meta property=\"og:image:width\" content=\"1001\" \/>\n\t<meta property=\"og:image:height\" content=\"1500\" \/>\n\t<meta property=\"og:image:type\" content=\"image\/jpeg\" \/>\n<meta name=\"twitter:card\" content=\"summary_large_image\" \/>\n<meta name=\"twitter:label1\" content=\"Estimated reading time\" \/>\n\t<meta name=\"twitter:data1\" content=\"1 minute\" \/>\n<script type=\"application\/ld+json\" class=\"yoast-schema-graph\">{\"@context\":\"https:\\\/\\\/schema.org\",\"@graph\":[{\"@type\":\"WebPage\",\"@id\":\"https:\\\/\\\/www.anonymapparel.com\\\/product\\\/chemise-jo\\\/\",\"url\":\"https:\\\/\\\/www.anonymapparel.com\\\/product\\\/chemise-jo\\\/\",\"name\":\"CHEMISE JO - Anonym Apparel\",\"isPartOf\":{\"@id\":\"https:\\\/\\\/www.anonymapparel.com\\\/#website\"},\"primaryImageOfPage\":{\"@id\":\"https:\\\/\\\/www.anonymapparel.com\\\/product\\\/chemise-jo\\\/#primaryimage\"},\"image\":{\"@id\":\"https:\\\/\\\/www.anonymapparel.com\\\/product\\\/chemise-jo\\\/#primaryimage\"},\"thumbnailUrl\":\"https:\\\/\\\/www.anonymapparel.com\\\/wp-content\\\/uploads\\\/2025\\\/04\\\/Jo_Noir_07.jpg\",\"datePublished\":\"2025-06-26T00:07:13+00:00\",\"dateModified\":\"2026-04-14T15:34:27+00:00\",\"breadcrumb\":{\"@id\":\"https:\\\/\\\/www.anonymapparel.com\\\/product\\\/chemise-jo\\\/#breadcrumb\"},\"inLanguage\":\"en-GB\",\"potentialAction\":[{\"@type\":\"ReadAction\",\"target\":[\"https:\\\/\\\/www.anonymapparel.com\\\/product\\\/chemise-jo\\\/\"]}]},{\"@type\":\"ImageObject\",\"inLanguage\":\"en-GB\",\"@id\":\"https:\\\/\\\/www.anonymapparel.com\\\/product\\\/chemise-jo\\\/#primaryimage\",\"url\":\"https:\\\/\\\/www.anonymapparel.com\\\/wp-content\\\/uploads\\\/2025\\\/04\\\/Jo_Noir_07.jpg\",\"contentUrl\":\"https:\\\/\\\/www.anonymapparel.com\\\/wp-content\\\/uploads\\\/2025\\\/04\\\/Jo_Noir_07.jpg\",\"width\":1001,\"height\":1500,\"caption\":\"Jo Noir 07\"},{\"@type\":\"BreadcrumbList\",\"@id\":\"https:\\\/\\\/www.anonymapparel.com\\\/product\\\/chemise-jo\\\/#breadcrumb\",\"itemListElement\":[{\"@type\":\"ListItem\",\"position\":1,\"name\":\"Collection\",\"item\":\"https:\\\/\\\/www.anonymapparel.com\\\/collection\\\/\"},{\"@type\":\"ListItem\",\"position\":2,\"name\":\"Homme\",\"item\":\"https:\\\/\\\/www.anonymapparel.com\\\/cat\\\/homme\\\/\"},{\"@type\":\"ListItem\",\"position\":3,\"name\":\"V\u00eatements Homme\",\"item\":\"https:\\\/\\\/www.anonymapparel.com\\\/cat\\\/homme\\\/vetements-homme\\\/\"},{\"@type\":\"ListItem\",\"position\":4,\"name\":\"Chemises &amp; Polos\",\"item\":\"https:\\\/\\\/www.anonymapparel.com\\\/cat\\\/homme\\\/vetements-homme\\\/chemises-polos\\\/\"},{\"@type\":\"ListItem\",\"position\":5,\"name\":\"CHEMISE JO\"}]},{\"@type\":\"WebSite\",\"@id\":\"https:\\\/\\\/www.anonymapparel.com\\\/#website\",\"url\":\"https:\\\/\\\/www.anonymapparel.com\\\/\",\"name\":\"Anonym Apparel\",\"description\":\"L&#039;art de l&#039;invisible.\",\"publisher\":{\"@id\":\"https:\\\/\\\/www.anonymapparel.com\\\/#organization\"},\"potentialAction\":[{\"@type\":\"SearchAction\",\"target\":{\"@type\":\"EntryPoint\",\"urlTemplate\":\"https:\\\/\\\/www.anonymapparel.com\\\/?s={search_term_string}\"},\"query-input\":{\"@type\":\"PropertyValueSpecification\",\"valueRequired\":true,\"valueName\":\"search_term_string\"}}],\"inLanguage\":\"en-GB\"},{\"@type\":\"Organization\",\"@id\":\"https:\\\/\\\/www.anonymapparel.com\\\/#organization\",\"name\":\"Anonym Apparel\",\"url\":\"https:\\\/\\\/www.anonymapparel.com\\\/\",\"logo\":{\"@type\":\"ImageObject\",\"inLanguage\":\"en-GB\",\"@id\":\"https:\\\/\\\/www.anonymapparel.com\\\/#\\\/schema\\\/logo\\\/image\\\/\",\"url\":\"https:\\\/\\\/www.anonymapparel.com\\\/wp-content\\\/uploads\\\/2022\\\/10\\\/Anonym-Apparel-logo-noir.png\",\"contentUrl\":\"https:\\\/\\\/www.anonymapparel.com\\\/wp-content\\\/uploads\\\/2022\\\/10\\\/Anonym-Apparel-logo-noir.png\",\"width\":685,\"height\":173,\"caption\":\"Anonym Apparel\"},\"image\":{\"@id\":\"https:\\\/\\\/www.anonymapparel.com\\\/#\\\/schema\\\/logo\\\/image\\\/\"},\"sameAs\":[\"https:\\\/\\\/www.facebook.com\\\/anonymapparel.fr\",\"https:\\\/\\\/www.instagram.com\\\/anonym_apparel\\\/\",\"https:\\\/\\\/www.pinterest.fr\\\/anonymapparel\\\/\"]}]}<\/script>\n<!-- \/ Yoast SEO plugin. -->","yoast_head_json":{"title":"JO SHIRT - Anonym Apparel","robots":{"index":"index","follow":"follow","max-snippet":"max-snippet:-1","max-image-preview":"max-image-preview:large","max-video-preview":"max-video-preview:-1"},"canonical":"https:\/\/www.anonymapparel.com\/en\/product\/jo-shirt\/","og_locale":"en_GB","og_type":"article","og_title":"CHEMISE JO - Anonym Apparel","og_description":"Chemise manches longues avec poignets boutonn\u00e9s. Empi\u00e8cement dos avec plis rond. Coupe droite. Longueur pour une taille L : 71 cm. Pour un port\u00e9 plus loose, choisissez la taille au-dessus.","og_url":"https:\/\/www.anonymapparel.com\/en\/product\/jo-shirt\/","og_site_name":"Anonym Apparel","article_publisher":"https:\/\/www.facebook.com\/anonymapparel.fr","article_modified_time":"2026-04-14T15:34:27+00:00","og_image":[{"width":1001,"height":1500,"url":"https:\/\/www.anonymapparel.com\/wp-content\/uploads\/2025\/04\/Jo_Noir_07.jpg","type":"image\/jpeg"}],"twitter_card":"summary_large_image","twitter_misc":{"Estimated reading time":"1 minute"},"schema":{"@context":"https:\/\/schema.org","@graph":[{"@type":"WebPage","@id":"https:\/\/www.anonymapparel.com\/product\/chemise-jo\/","url":"https:\/\/www.anonymapparel.com\/product\/chemise-jo\/","name":"JO SHIRT - Anonym Apparel","isPartOf":{"@id":"https:\/\/www.anonymapparel.com\/#website"},"primaryImageOfPage":{"@id":"https:\/\/www.anonymapparel.com\/product\/chemise-jo\/#primaryimage"},"image":{"@id":"https:\/\/www.anonymapparel.com\/product\/chemise-jo\/#primaryimage"},"thumbnailUrl":"https:\/\/www.anonymapparel.com\/wp-content\/uploads\/2025\/04\/Jo_Noir_07.jpg","datePublished":"2025-06-26T00:07:13+00:00","dateModified":"2026-04-14T15:34:27+00:00","breadcrumb":{"@id":"https:\/\/www.anonymapparel.com\/product\/chemise-jo\/#breadcrumb"},"inLanguage":"en-GB","potentialAction":[{"@type":"ReadAction","target":["https:\/\/www.anonymapparel.com\/product\/chemise-jo\/"]}]},{"@type":"ImageObject","inLanguage":"en-GB","@id":"https:\/\/www.anonymapparel.com\/product\/chemise-jo\/#primaryimage","url":"https:\/\/www.anonymapparel.com\/wp-content\/uploads\/2025\/04\/Jo_Noir_07.jpg","contentUrl":"https:\/\/www.anonymapparel.com\/wp-content\/uploads\/2025\/04\/Jo_Noir_07.jpg","width":1001,"height":1500,"caption":"Jo Noir 07"},{"@type":"BreadcrumbList","@id":"https:\/\/www.anonymapparel.com\/product\/chemise-jo\/#breadcrumb","itemListElement":[{"@type":"ListItem","position":1,"name":"Collection","item":"https:\/\/www.anonymapparel.com\/collection\/"},{"@type":"ListItem","position":2,"name":"Homme","item":"https:\/\/www.anonymapparel.com\/cat\/homme\/"},{"@type":"ListItem","position":3,"name":"V\u00eatements Homme","item":"https:\/\/www.anonymapparel.com\/cat\/homme\/vetements-homme\/"},{"@type":"ListItem","position":4,"name":"Chemises &amp; Polos","item":"https:\/\/www.anonymapparel.com\/cat\/homme\/vetements-homme\/chemises-polos\/"},{"@type":"ListItem","position":5,"name":"CHEMISE JO"}]},{"@type":"WebSite","@id":"https:\/\/www.anonymapparel.com\/#website","url":"https:\/\/www.anonymapparel.com\/","name":"Anonym Apparel","description":"The art of the invisible.","publisher":{"@id":"https:\/\/www.anonymapparel.com\/#organization"},"potentialAction":[{"@type":"SearchAction","target":{"@type":"EntryPoint","urlTemplate":"https:\/\/www.anonymapparel.com\/?s={search_term_string}"},"query-input":{"@type":"PropertyValueSpecification","valueRequired":true,"valueName":"search_term_string"}}],"inLanguage":"en-GB"},{"@type":"Organization","@id":"https:\/\/www.anonymapparel.com\/#organization","name":"Anonym Apparel","url":"https:\/\/www.anonymapparel.com\/","logo":{"@type":"ImageObject","inLanguage":"en-GB","@id":"https:\/\/www.anonymapparel.com\/#\/schema\/logo\/image\/","url":"https:\/\/www.anonymapparel.com\/wp-content\/uploads\/2022\/10\/Anonym-Apparel-logo-noir.png","contentUrl":"https:\/\/www.anonymapparel.com\/wp-content\/uploads\/2022\/10\/Anonym-Apparel-logo-noir.png","width":685,"height":173,"caption":"Anonym Apparel"},"image":{"@id":"https:\/\/www.anonymapparel.com\/#\/schema\/logo\/image\/"},"sameAs":["https:\/\/www.facebook.com\/anonymapparel.fr","https:\/\/www.instagram.com\/anonym_apparel\/","https:\/\/www.pinterest.fr\/anonymapparel\/"]}]}},"_links":{"self":[{"href":"https:\/\/www.anonymapparel.com\/en\/wp-json\/wp\/v2\/product\/46064","targetHints":{"allow":["GET"]}}],"collection":[{"href":"https:\/\/www.anonymapparel.com\/en\/wp-json\/wp\/v2\/product"}],"about":[{"href":"https:\/\/www.anonymapparel.com\/en\/wp-json\/wp\/v2\/types\/product"}],"replies":[{"embeddable":true,"href":"https:\/\/www.anonymapparel.com\/en\/wp-json\/wp\/v2\/comments?post=46064"}],"wp:featuredmedia":[{"embeddable":true,"href":"https:\/\/www.anonymapparel.com\/en\/wp-json\/wp\/v2\/media\/42409"}],"wp:attachment":[{"href":"https:\/\/www.anonymapparel.com\/en\/wp-json\/wp\/v2\/media?parent=46064"}],"wp:term":[{"taxonomy":"product_brand","embeddable":true,"href":"https:\/\/www.anonymapparel.com\/en\/wp-json\/wp\/v2\/product_brand?post=46064"},{"taxonomy":"product_cat","embeddable":true,"href":"https:\/\/www.anonymapparel.com\/en\/wp-json\/wp\/v2\/product_cat?post=46064"},{"taxonomy":"product_tag","embeddable":true,"href":"https:\/\/www.anonymapparel.com\/en\/wp-json\/wp\/v2\/product_tag?post=46064"}],"curies":[{"name":"wp","href":"https:\/\/api.w.org\/{rel}","templated":true}]}}