{"id":45095,"date":"2025-06-25T02:08:16","date_gmt":"2025-06-25T00:08:16","guid":{"rendered":"https:\/\/www.anonymapparel.com\/?post_type=product&#038;p=45095"},"modified":"2026-04-05T08:54:09","modified_gmt":"2026-04-05T06:54:09","slug":"noelia-t-shirt","status":"publish","type":"product","link":"https:\/\/www.anonymapparel.com\/en\/product\/t-shirt-noelia\/","title":{"rendered":"NOELIA T-SHIRT"},"content":{"rendered":"<p>Small short sleeves.<\/p>\n<p>Regular fit.<\/p>\n<p>Length for a size S: 59 cm.<\/p>\n<p>For a slightly loose worn, choose one size bigger.<\/p>","protected":false},"excerpt":{"rendered":"<p>Small short sleeves. Straight cut. Length for a size S: 59 cm. For a slightly oversized fit, choose the size above.<\/p>","protected":false},"featured_media":41605,"comment_status":"closed","ping_status":"closed","template":"","meta":{"_acf_changed":false},"product_brand":[],"product_cat":[298],"product_tag":[956],"class_list":{"0":"post-45095","1":"product","2":"type-product","3":"status-publish","4":"has-post-thumbnail","6":"product_cat-t-shirts-coton-pima","7":"product_tag-noelia-26","8":"pa_couleur-amazone-flamme","9":"pa_couleur-artic-flamme","10":"pa_couleur-black-flamme","11":"pa_couleur-blanc","12":"pa_couleur-boho-flamme","13":"pa_couleur-candy-flamme","14":"pa_couleur-cherry-flamme","15":"pa_couleur-citrus-flamme","16":"pa_couleur-forest","17":"pa_couleur-lin-flamme","18":"pa_couleur-lollipop","19":"pa_couleur-milk-flamme","20":"pa_couleur-moka-flamme","21":"pa_couleur-noir","22":"pa_couleur-odyssee-flamme","23":"pa_couleur-olive-flamme","24":"pa_couleur-pink-flamme","25":"pa_couleur-space-flamme","26":"pa_couleur-sundeck","27":"pa_couleur-topaze","28":"pa_couleur-white-flamme","29":"pa_coupe-sans-manches","30":"pa_coupe-col-rond","31":"pa_taille-xs","32":"pa_taille-s","33":"pa_taille-m","34":"pa_taille-l","36":"first","37":"instock","38":"taxable","39":"shipping-taxable","40":"product-type-variable","41":"has-default-attributes"},"acf":[],"yoast_head":"<!-- This site is optimized with the Yoast SEO plugin v27.4 - https:\/\/yoast.com\/product\/yoast-seo-wordpress\/ -->\n<title>T-SHIRT NOELIA - Anonym Apparel<\/title>\n<meta name=\"robots\" content=\"index, follow, max-snippet:-1, max-image-preview:large, max-video-preview:-1\" \/>\n<link rel=\"canonical\" href=\"https:\/\/www.anonymapparel.com\/en\/product\/noelia-t-shirt\/\" \/>\n<meta property=\"og:locale\" content=\"en_GB\" \/>\n<meta property=\"og:type\" content=\"article\" \/>\n<meta property=\"og:title\" content=\"T-SHIRT NOELIA - Anonym Apparel\" \/>\n<meta property=\"og:description\" content=\"Petites manches courtes. Coupe droite. Longueur pour une taille S : 59 cm. Pour un port\u00e9 l\u00e9g\u00e8rement oversize, choisissez la taille au dessus.\" \/>\n<meta property=\"og:url\" content=\"https:\/\/www.anonymapparel.com\/en\/product\/noelia-t-shirt\/\" \/>\n<meta property=\"og:site_name\" content=\"Anonym Apparel\" \/>\n<meta property=\"article:publisher\" content=\"https:\/\/www.facebook.com\/anonymapparel.fr\" \/>\n<meta property=\"article:modified_time\" content=\"2026-04-05T06:54:09+00:00\" \/>\n<meta property=\"og:image\" content=\"https:\/\/www.anonymapparel.com\/wp-content\/uploads\/2025\/04\/Noelia_Linflamme_07.jpg\" \/>\n\t<meta property=\"og:image:width\" content=\"1001\" \/>\n\t<meta property=\"og:image:height\" content=\"1500\" \/>\n\t<meta property=\"og:image:type\" content=\"image\/jpeg\" \/>\n<meta name=\"twitter:card\" content=\"summary_large_image\" \/>\n<meta name=\"twitter:label1\" content=\"Estimated reading time\" \/>\n\t<meta name=\"twitter:data1\" content=\"1 minute\" \/>\n<script type=\"application\/ld+json\" class=\"yoast-schema-graph\">{\"@context\":\"https:\\\/\\\/schema.org\",\"@graph\":[{\"@type\":\"WebPage\",\"@id\":\"https:\\\/\\\/www.anonymapparel.com\\\/product\\\/t-shirt-noelia\\\/\",\"url\":\"https:\\\/\\\/www.anonymapparel.com\\\/product\\\/t-shirt-noelia\\\/\",\"name\":\"T-SHIRT NOELIA - Anonym Apparel\",\"isPartOf\":{\"@id\":\"https:\\\/\\\/www.anonymapparel.com\\\/#website\"},\"primaryImageOfPage\":{\"@id\":\"https:\\\/\\\/www.anonymapparel.com\\\/product\\\/t-shirt-noelia\\\/#primaryimage\"},\"image\":{\"@id\":\"https:\\\/\\\/www.anonymapparel.com\\\/product\\\/t-shirt-noelia\\\/#primaryimage\"},\"thumbnailUrl\":\"https:\\\/\\\/www.anonymapparel.com\\\/wp-content\\\/uploads\\\/2025\\\/04\\\/Noelia_Linflamme_07.jpg\",\"datePublished\":\"2025-06-25T00:08:16+00:00\",\"dateModified\":\"2026-04-05T06:54:09+00:00\",\"breadcrumb\":{\"@id\":\"https:\\\/\\\/www.anonymapparel.com\\\/product\\\/t-shirt-noelia\\\/#breadcrumb\"},\"inLanguage\":\"en-GB\",\"potentialAction\":[{\"@type\":\"ReadAction\",\"target\":[\"https:\\\/\\\/www.anonymapparel.com\\\/product\\\/t-shirt-noelia\\\/\"]}]},{\"@type\":\"ImageObject\",\"inLanguage\":\"en-GB\",\"@id\":\"https:\\\/\\\/www.anonymapparel.com\\\/product\\\/t-shirt-noelia\\\/#primaryimage\",\"url\":\"https:\\\/\\\/www.anonymapparel.com\\\/wp-content\\\/uploads\\\/2025\\\/04\\\/Noelia_Linflamme_07.jpg\",\"contentUrl\":\"https:\\\/\\\/www.anonymapparel.com\\\/wp-content\\\/uploads\\\/2025\\\/04\\\/Noelia_Linflamme_07.jpg\",\"width\":1001,\"height\":1500,\"caption\":\"Noelia Linflamme 07\"},{\"@type\":\"BreadcrumbList\",\"@id\":\"https:\\\/\\\/www.anonymapparel.com\\\/product\\\/t-shirt-noelia\\\/#breadcrumb\",\"itemListElement\":[{\"@type\":\"ListItem\",\"position\":1,\"name\":\"Collection\",\"item\":\"https:\\\/\\\/www.anonymapparel.com\\\/collection\\\/\"},{\"@type\":\"ListItem\",\"position\":2,\"name\":\"Femme\",\"item\":\"https:\\\/\\\/www.anonymapparel.com\\\/cat\\\/femme\\\/\"},{\"@type\":\"ListItem\",\"position\":3,\"name\":\"V\u00eatements Femme\",\"item\":\"https:\\\/\\\/www.anonymapparel.com\\\/cat\\\/femme\\\/vetements-femme\\\/\"},{\"@type\":\"ListItem\",\"position\":4,\"name\":\"Tee-shirts Coton Pima\",\"item\":\"https:\\\/\\\/www.anonymapparel.com\\\/cat\\\/femme\\\/vetements-femme\\\/t-shirts-coton-pima\\\/\"},{\"@type\":\"ListItem\",\"position\":5,\"name\":\"T-SHIRT NOELIA\"}]},{\"@type\":\"WebSite\",\"@id\":\"https:\\\/\\\/www.anonymapparel.com\\\/#website\",\"url\":\"https:\\\/\\\/www.anonymapparel.com\\\/\",\"name\":\"Anonym Apparel\",\"description\":\"L&#039;art de l&#039;invisible.\",\"publisher\":{\"@id\":\"https:\\\/\\\/www.anonymapparel.com\\\/#organization\"},\"potentialAction\":[{\"@type\":\"SearchAction\",\"target\":{\"@type\":\"EntryPoint\",\"urlTemplate\":\"https:\\\/\\\/www.anonymapparel.com\\\/?s={search_term_string}\"},\"query-input\":{\"@type\":\"PropertyValueSpecification\",\"valueRequired\":true,\"valueName\":\"search_term_string\"}}],\"inLanguage\":\"en-GB\"},{\"@type\":\"Organization\",\"@id\":\"https:\\\/\\\/www.anonymapparel.com\\\/#organization\",\"name\":\"Anonym Apparel\",\"url\":\"https:\\\/\\\/www.anonymapparel.com\\\/\",\"logo\":{\"@type\":\"ImageObject\",\"inLanguage\":\"en-GB\",\"@id\":\"https:\\\/\\\/www.anonymapparel.com\\\/#\\\/schema\\\/logo\\\/image\\\/\",\"url\":\"https:\\\/\\\/www.anonymapparel.com\\\/wp-content\\\/uploads\\\/2022\\\/10\\\/Anonym-Apparel-logo-noir.png\",\"contentUrl\":\"https:\\\/\\\/www.anonymapparel.com\\\/wp-content\\\/uploads\\\/2022\\\/10\\\/Anonym-Apparel-logo-noir.png\",\"width\":685,\"height\":173,\"caption\":\"Anonym Apparel\"},\"image\":{\"@id\":\"https:\\\/\\\/www.anonymapparel.com\\\/#\\\/schema\\\/logo\\\/image\\\/\"},\"sameAs\":[\"https:\\\/\\\/www.facebook.com\\\/anonymapparel.fr\",\"https:\\\/\\\/www.instagram.com\\\/anonym_apparel\\\/\",\"https:\\\/\\\/www.pinterest.fr\\\/anonymapparel\\\/\"]}]}<\/script>\n<!-- \/ Yoast SEO plugin. -->","yoast_head_json":{"title":"NOELIA T-SHIRT - Anonym Apparel","robots":{"index":"index","follow":"follow","max-snippet":"max-snippet:-1","max-image-preview":"max-image-preview:large","max-video-preview":"max-video-preview:-1"},"canonical":"https:\/\/www.anonymapparel.com\/en\/product\/noelia-t-shirt\/","og_locale":"en_GB","og_type":"article","og_title":"T-SHIRT NOELIA - Anonym Apparel","og_description":"Petites manches courtes. Coupe droite. Longueur pour une taille S : 59 cm. Pour un port\u00e9 l\u00e9g\u00e8rement oversize, choisissez la taille au dessus.","og_url":"https:\/\/www.anonymapparel.com\/en\/product\/noelia-t-shirt\/","og_site_name":"Anonym Apparel","article_publisher":"https:\/\/www.facebook.com\/anonymapparel.fr","article_modified_time":"2026-04-05T06:54:09+00:00","og_image":[{"width":1001,"height":1500,"url":"https:\/\/www.anonymapparel.com\/wp-content\/uploads\/2025\/04\/Noelia_Linflamme_07.jpg","type":"image\/jpeg"}],"twitter_card":"summary_large_image","twitter_misc":{"Estimated reading time":"1 minute"},"schema":{"@context":"https:\/\/schema.org","@graph":[{"@type":"WebPage","@id":"https:\/\/www.anonymapparel.com\/product\/t-shirt-noelia\/","url":"https:\/\/www.anonymapparel.com\/product\/t-shirt-noelia\/","name":"NOELIA T-SHIRT - Anonym Apparel","isPartOf":{"@id":"https:\/\/www.anonymapparel.com\/#website"},"primaryImageOfPage":{"@id":"https:\/\/www.anonymapparel.com\/product\/t-shirt-noelia\/#primaryimage"},"image":{"@id":"https:\/\/www.anonymapparel.com\/product\/t-shirt-noelia\/#primaryimage"},"thumbnailUrl":"https:\/\/www.anonymapparel.com\/wp-content\/uploads\/2025\/04\/Noelia_Linflamme_07.jpg","datePublished":"2025-06-25T00:08:16+00:00","dateModified":"2026-04-05T06:54:09+00:00","breadcrumb":{"@id":"https:\/\/www.anonymapparel.com\/product\/t-shirt-noelia\/#breadcrumb"},"inLanguage":"en-GB","potentialAction":[{"@type":"ReadAction","target":["https:\/\/www.anonymapparel.com\/product\/t-shirt-noelia\/"]}]},{"@type":"ImageObject","inLanguage":"en-GB","@id":"https:\/\/www.anonymapparel.com\/product\/t-shirt-noelia\/#primaryimage","url":"https:\/\/www.anonymapparel.com\/wp-content\/uploads\/2025\/04\/Noelia_Linflamme_07.jpg","contentUrl":"https:\/\/www.anonymapparel.com\/wp-content\/uploads\/2025\/04\/Noelia_Linflamme_07.jpg","width":1001,"height":1500,"caption":"Noelia Linflamme 07"},{"@type":"BreadcrumbList","@id":"https:\/\/www.anonymapparel.com\/product\/t-shirt-noelia\/#breadcrumb","itemListElement":[{"@type":"ListItem","position":1,"name":"Collection","item":"https:\/\/www.anonymapparel.com\/collection\/"},{"@type":"ListItem","position":2,"name":"Femme","item":"https:\/\/www.anonymapparel.com\/cat\/femme\/"},{"@type":"ListItem","position":3,"name":"V\u00eatements Femme","item":"https:\/\/www.anonymapparel.com\/cat\/femme\/vetements-femme\/"},{"@type":"ListItem","position":4,"name":"Tee-shirts Coton Pima","item":"https:\/\/www.anonymapparel.com\/cat\/femme\/vetements-femme\/t-shirts-coton-pima\/"},{"@type":"ListItem","position":5,"name":"T-SHIRT NOELIA"}]},{"@type":"WebSite","@id":"https:\/\/www.anonymapparel.com\/#website","url":"https:\/\/www.anonymapparel.com\/","name":"Anonym Apparel","description":"The art of the invisible.","publisher":{"@id":"https:\/\/www.anonymapparel.com\/#organization"},"potentialAction":[{"@type":"SearchAction","target":{"@type":"EntryPoint","urlTemplate":"https:\/\/www.anonymapparel.com\/?s={search_term_string}"},"query-input":{"@type":"PropertyValueSpecification","valueRequired":true,"valueName":"search_term_string"}}],"inLanguage":"en-GB"},{"@type":"Organization","@id":"https:\/\/www.anonymapparel.com\/#organization","name":"Anonym Apparel","url":"https:\/\/www.anonymapparel.com\/","logo":{"@type":"ImageObject","inLanguage":"en-GB","@id":"https:\/\/www.anonymapparel.com\/#\/schema\/logo\/image\/","url":"https:\/\/www.anonymapparel.com\/wp-content\/uploads\/2022\/10\/Anonym-Apparel-logo-noir.png","contentUrl":"https:\/\/www.anonymapparel.com\/wp-content\/uploads\/2022\/10\/Anonym-Apparel-logo-noir.png","width":685,"height":173,"caption":"Anonym Apparel"},"image":{"@id":"https:\/\/www.anonymapparel.com\/#\/schema\/logo\/image\/"},"sameAs":["https:\/\/www.facebook.com\/anonymapparel.fr","https:\/\/www.instagram.com\/anonym_apparel\/","https:\/\/www.pinterest.fr\/anonymapparel\/"]}]}},"_links":{"self":[{"href":"https:\/\/www.anonymapparel.com\/en\/wp-json\/wp\/v2\/product\/45095","targetHints":{"allow":["GET"]}}],"collection":[{"href":"https:\/\/www.anonymapparel.com\/en\/wp-json\/wp\/v2\/product"}],"about":[{"href":"https:\/\/www.anonymapparel.com\/en\/wp-json\/wp\/v2\/types\/product"}],"replies":[{"embeddable":true,"href":"https:\/\/www.anonymapparel.com\/en\/wp-json\/wp\/v2\/comments?post=45095"}],"wp:featuredmedia":[{"embeddable":true,"href":"https:\/\/www.anonymapparel.com\/en\/wp-json\/wp\/v2\/media\/41605"}],"wp:attachment":[{"href":"https:\/\/www.anonymapparel.com\/en\/wp-json\/wp\/v2\/media?parent=45095"}],"wp:term":[{"taxonomy":"product_brand","embeddable":true,"href":"https:\/\/www.anonymapparel.com\/en\/wp-json\/wp\/v2\/product_brand?post=45095"},{"taxonomy":"product_cat","embeddable":true,"href":"https:\/\/www.anonymapparel.com\/en\/wp-json\/wp\/v2\/product_cat?post=45095"},{"taxonomy":"product_tag","embeddable":true,"href":"https:\/\/www.anonymapparel.com\/en\/wp-json\/wp\/v2\/product_tag?post=45095"}],"curies":[{"name":"wp","href":"https:\/\/api.w.org\/{rel}","templated":true}]}}