{"id":36792,"date":"2025-01-14T02:07:06","date_gmt":"2025-01-14T01:07:06","guid":{"rendered":"https:\/\/www.anonymapparel.com\/?post_type=product&#038;p=36792"},"modified":"2026-02-28T12:35:27","modified_gmt":"2026-02-28T11:35:27","slug":"t-shirt-nina-faded-2","status":"publish","type":"product","link":"https:\/\/www.anonymapparel.com\/en\/product\/t-shirt-nina-delave-2\/","title":{"rendered":"NINA FADED T-SHIRT"},"content":{"rendered":"<p>Short sleeves.<\/p>\n<p>Regular fit.<\/p>\n<p>Length for a size S: 62 cm<\/p>\n<p>For a looser fit, choose the size above.<\/p>","protected":false},"excerpt":{"rendered":"<p>Short sleeves. Straight cut. Length for a size S: 62 cm For a looser fit, choose the size above.<\/p>","protected":false},"featured_media":27182,"comment_status":"closed","ping_status":"closed","template":"","meta":{"_acf_changed":false},"product_brand":[],"product_cat":[1056,665],"product_tag":[905],"class_list":{"0":"post-36792","1":"product","2":"type-product","3":"status-publish","4":"has-post-thumbnail","6":"product_cat-archives","7":"product_cat-archive-femme","8":"product_tag-ninaw-25","9":"pa_couleur-abysse","10":"pa_couleur-cacao","11":"pa_couleur-chambray","12":"pa_couleur-dust","13":"pa_couleur-graphite","14":"pa_couleur-kaki","15":"pa_couleur-pepper","16":"pa_couleur-soft-pink","17":"pa_couleur-zinc","18":"pa_coupe-col-rond","19":"pa_coupe-manches-courtes","20":"pa_taille-l","21":"pa_taille-m","22":"pa_taille-s","23":"pa_taille-xs","25":"first","26":"instock","27":"sale","28":"taxable","29":"shipping-taxable","30":"product-type-variable","31":"has-default-attributes"},"acf":[],"yoast_head":"<!-- This site is optimized with the Yoast SEO plugin v27.4 - https:\/\/yoast.com\/product\/yoast-seo-wordpress\/ -->\n<title>T-SHIRT NINA D\u00c9LAV\u00c9 - Anonym Apparel<\/title>\n<meta name=\"robots\" content=\"index, follow, max-snippet:-1, max-image-preview:large, max-video-preview:-1\" \/>\n<link rel=\"canonical\" href=\"https:\/\/www.anonymapparel.com\/en\/product\/t-shirt-nina-faded-2\/\" \/>\n<meta property=\"og:locale\" content=\"en_GB\" \/>\n<meta property=\"og:type\" content=\"article\" \/>\n<meta property=\"og:title\" content=\"T-SHIRT NINA D\u00c9LAV\u00c9 - Anonym Apparel\" \/>\n<meta property=\"og:description\" content=\"Manches courtes. Coupe droite. Longueur pour une taille S : 62 cm Pour un port\u00e9 plus loose, choisissez la taille au dessus.\" \/>\n<meta property=\"og:url\" content=\"https:\/\/www.anonymapparel.com\/en\/product\/t-shirt-nina-faded-2\/\" \/>\n<meta property=\"og:site_name\" content=\"Anonym Apparel\" \/>\n<meta property=\"article:publisher\" content=\"https:\/\/www.facebook.com\/anonymapparel.fr\" \/>\n<meta property=\"article:modified_time\" content=\"2026-02-28T11:35:27+00:00\" \/>\n<meta property=\"og:image\" content=\"https:\/\/www.anonymapparel.com\/wp-content\/uploads\/2024\/09\/NinaW_Graphite_05.jpg\" \/>\n\t<meta property=\"og:image:width\" content=\"1000\" \/>\n\t<meta property=\"og:image:height\" content=\"1499\" \/>\n\t<meta property=\"og:image:type\" content=\"image\/jpeg\" \/>\n<meta name=\"twitter:card\" content=\"summary_large_image\" \/>\n<meta name=\"twitter:label1\" content=\"Estimated reading time\" \/>\n\t<meta name=\"twitter:data1\" content=\"1 minute\" \/>\n<script type=\"application\/ld+json\" class=\"yoast-schema-graph\">{\"@context\":\"https:\\\/\\\/schema.org\",\"@graph\":[{\"@type\":\"WebPage\",\"@id\":\"https:\\\/\\\/www.anonymapparel.com\\\/product\\\/t-shirt-nina-delave-2\\\/\",\"url\":\"https:\\\/\\\/www.anonymapparel.com\\\/product\\\/t-shirt-nina-delave-2\\\/\",\"name\":\"T-SHIRT NINA D\u00c9LAV\u00c9 - Anonym Apparel\",\"isPartOf\":{\"@id\":\"https:\\\/\\\/www.anonymapparel.com\\\/#website\"},\"primaryImageOfPage\":{\"@id\":\"https:\\\/\\\/www.anonymapparel.com\\\/product\\\/t-shirt-nina-delave-2\\\/#primaryimage\"},\"image\":{\"@id\":\"https:\\\/\\\/www.anonymapparel.com\\\/product\\\/t-shirt-nina-delave-2\\\/#primaryimage\"},\"thumbnailUrl\":\"https:\\\/\\\/www.anonymapparel.com\\\/wp-content\\\/uploads\\\/2024\\\/09\\\/NinaW_Graphite_05.jpg\",\"datePublished\":\"2025-01-14T01:07:06+00:00\",\"dateModified\":\"2026-02-28T11:35:27+00:00\",\"breadcrumb\":{\"@id\":\"https:\\\/\\\/www.anonymapparel.com\\\/product\\\/t-shirt-nina-delave-2\\\/#breadcrumb\"},\"inLanguage\":\"en-GB\",\"potentialAction\":[{\"@type\":\"ReadAction\",\"target\":[\"https:\\\/\\\/www.anonymapparel.com\\\/product\\\/t-shirt-nina-delave-2\\\/\"]}]},{\"@type\":\"ImageObject\",\"inLanguage\":\"en-GB\",\"@id\":\"https:\\\/\\\/www.anonymapparel.com\\\/product\\\/t-shirt-nina-delave-2\\\/#primaryimage\",\"url\":\"https:\\\/\\\/www.anonymapparel.com\\\/wp-content\\\/uploads\\\/2024\\\/09\\\/NinaW_Graphite_05.jpg\",\"contentUrl\":\"https:\\\/\\\/www.anonymapparel.com\\\/wp-content\\\/uploads\\\/2024\\\/09\\\/NinaW_Graphite_05.jpg\",\"width\":1000,\"height\":1499,\"caption\":\"Ninaw Graphite 05\"},{\"@type\":\"BreadcrumbList\",\"@id\":\"https:\\\/\\\/www.anonymapparel.com\\\/product\\\/t-shirt-nina-delave-2\\\/#breadcrumb\",\"itemListElement\":[{\"@type\":\"ListItem\",\"position\":1,\"name\":\"Collection\",\"item\":\"https:\\\/\\\/www.anonymapparel.com\\\/collection\\\/\"},{\"@type\":\"ListItem\",\"position\":2,\"name\":\"ARCHIVES\",\"item\":\"https:\\\/\\\/www.anonymapparel.com\\\/cat\\\/archives\\\/\"},{\"@type\":\"ListItem\",\"position\":3,\"name\":\"T-SHIRT NINA D\u00c9LAV\u00c9\"}]},{\"@type\":\"WebSite\",\"@id\":\"https:\\\/\\\/www.anonymapparel.com\\\/#website\",\"url\":\"https:\\\/\\\/www.anonymapparel.com\\\/\",\"name\":\"Anonym Apparel\",\"description\":\"L&#039;art de l&#039;invisible.\",\"publisher\":{\"@id\":\"https:\\\/\\\/www.anonymapparel.com\\\/#organization\"},\"potentialAction\":[{\"@type\":\"SearchAction\",\"target\":{\"@type\":\"EntryPoint\",\"urlTemplate\":\"https:\\\/\\\/www.anonymapparel.com\\\/?s={search_term_string}\"},\"query-input\":{\"@type\":\"PropertyValueSpecification\",\"valueRequired\":true,\"valueName\":\"search_term_string\"}}],\"inLanguage\":\"en-GB\"},{\"@type\":\"Organization\",\"@id\":\"https:\\\/\\\/www.anonymapparel.com\\\/#organization\",\"name\":\"Anonym Apparel\",\"url\":\"https:\\\/\\\/www.anonymapparel.com\\\/\",\"logo\":{\"@type\":\"ImageObject\",\"inLanguage\":\"en-GB\",\"@id\":\"https:\\\/\\\/www.anonymapparel.com\\\/#\\\/schema\\\/logo\\\/image\\\/\",\"url\":\"https:\\\/\\\/www.anonymapparel.com\\\/wp-content\\\/uploads\\\/2022\\\/10\\\/Anonym-Apparel-logo-noir.png\",\"contentUrl\":\"https:\\\/\\\/www.anonymapparel.com\\\/wp-content\\\/uploads\\\/2022\\\/10\\\/Anonym-Apparel-logo-noir.png\",\"width\":685,\"height\":173,\"caption\":\"Anonym Apparel\"},\"image\":{\"@id\":\"https:\\\/\\\/www.anonymapparel.com\\\/#\\\/schema\\\/logo\\\/image\\\/\"},\"sameAs\":[\"https:\\\/\\\/www.facebook.com\\\/anonymapparel.fr\",\"https:\\\/\\\/www.instagram.com\\\/anonym_apparel\\\/\",\"https:\\\/\\\/www.pinterest.fr\\\/anonymapparel\\\/\"]}]}<\/script>\n<!-- \/ Yoast SEO plugin. -->","yoast_head_json":{"title":"NINA FADED T-SHIRT - Anonym Apparel","robots":{"index":"index","follow":"follow","max-snippet":"max-snippet:-1","max-image-preview":"max-image-preview:large","max-video-preview":"max-video-preview:-1"},"canonical":"https:\/\/www.anonymapparel.com\/en\/product\/t-shirt-nina-faded-2\/","og_locale":"en_GB","og_type":"article","og_title":"T-SHIRT NINA D\u00c9LAV\u00c9 - Anonym Apparel","og_description":"Manches courtes. Coupe droite. Longueur pour une taille S : 62 cm Pour un port\u00e9 plus loose, choisissez la taille au dessus.","og_url":"https:\/\/www.anonymapparel.com\/en\/product\/t-shirt-nina-faded-2\/","og_site_name":"Anonym Apparel","article_publisher":"https:\/\/www.facebook.com\/anonymapparel.fr","article_modified_time":"2026-02-28T11:35:27+00:00","og_image":[{"width":1000,"height":1499,"url":"https:\/\/www.anonymapparel.com\/wp-content\/uploads\/2024\/09\/NinaW_Graphite_05.jpg","type":"image\/jpeg"}],"twitter_card":"summary_large_image","twitter_misc":{"Estimated reading time":"1 minute"},"schema":{"@context":"https:\/\/schema.org","@graph":[{"@type":"WebPage","@id":"https:\/\/www.anonymapparel.com\/product\/t-shirt-nina-delave-2\/","url":"https:\/\/www.anonymapparel.com\/product\/t-shirt-nina-delave-2\/","name":"NINA FADED T-SHIRT - Anonym Apparel","isPartOf":{"@id":"https:\/\/www.anonymapparel.com\/#website"},"primaryImageOfPage":{"@id":"https:\/\/www.anonymapparel.com\/product\/t-shirt-nina-delave-2\/#primaryimage"},"image":{"@id":"https:\/\/www.anonymapparel.com\/product\/t-shirt-nina-delave-2\/#primaryimage"},"thumbnailUrl":"https:\/\/www.anonymapparel.com\/wp-content\/uploads\/2024\/09\/NinaW_Graphite_05.jpg","datePublished":"2025-01-14T01:07:06+00:00","dateModified":"2026-02-28T11:35:27+00:00","breadcrumb":{"@id":"https:\/\/www.anonymapparel.com\/product\/t-shirt-nina-delave-2\/#breadcrumb"},"inLanguage":"en-GB","potentialAction":[{"@type":"ReadAction","target":["https:\/\/www.anonymapparel.com\/product\/t-shirt-nina-delave-2\/"]}]},{"@type":"ImageObject","inLanguage":"en-GB","@id":"https:\/\/www.anonymapparel.com\/product\/t-shirt-nina-delave-2\/#primaryimage","url":"https:\/\/www.anonymapparel.com\/wp-content\/uploads\/2024\/09\/NinaW_Graphite_05.jpg","contentUrl":"https:\/\/www.anonymapparel.com\/wp-content\/uploads\/2024\/09\/NinaW_Graphite_05.jpg","width":1000,"height":1499,"caption":"Ninaw Graphite 05"},{"@type":"BreadcrumbList","@id":"https:\/\/www.anonymapparel.com\/product\/t-shirt-nina-delave-2\/#breadcrumb","itemListElement":[{"@type":"ListItem","position":1,"name":"Collection","item":"https:\/\/www.anonymapparel.com\/collection\/"},{"@type":"ListItem","position":2,"name":"ARCHIVES","item":"https:\/\/www.anonymapparel.com\/cat\/archives\/"},{"@type":"ListItem","position":3,"name":"T-SHIRT NINA D\u00c9LAV\u00c9"}]},{"@type":"WebSite","@id":"https:\/\/www.anonymapparel.com\/#website","url":"https:\/\/www.anonymapparel.com\/","name":"Anonym Apparel","description":"The art of the invisible.","publisher":{"@id":"https:\/\/www.anonymapparel.com\/#organization"},"potentialAction":[{"@type":"SearchAction","target":{"@type":"EntryPoint","urlTemplate":"https:\/\/www.anonymapparel.com\/?s={search_term_string}"},"query-input":{"@type":"PropertyValueSpecification","valueRequired":true,"valueName":"search_term_string"}}],"inLanguage":"en-GB"},{"@type":"Organization","@id":"https:\/\/www.anonymapparel.com\/#organization","name":"Anonym Apparel","url":"https:\/\/www.anonymapparel.com\/","logo":{"@type":"ImageObject","inLanguage":"en-GB","@id":"https:\/\/www.anonymapparel.com\/#\/schema\/logo\/image\/","url":"https:\/\/www.anonymapparel.com\/wp-content\/uploads\/2022\/10\/Anonym-Apparel-logo-noir.png","contentUrl":"https:\/\/www.anonymapparel.com\/wp-content\/uploads\/2022\/10\/Anonym-Apparel-logo-noir.png","width":685,"height":173,"caption":"Anonym Apparel"},"image":{"@id":"https:\/\/www.anonymapparel.com\/#\/schema\/logo\/image\/"},"sameAs":["https:\/\/www.facebook.com\/anonymapparel.fr","https:\/\/www.instagram.com\/anonym_apparel\/","https:\/\/www.pinterest.fr\/anonymapparel\/"]}]}},"_links":{"self":[{"href":"https:\/\/www.anonymapparel.com\/en\/wp-json\/wp\/v2\/product\/36792","targetHints":{"allow":["GET"]}}],"collection":[{"href":"https:\/\/www.anonymapparel.com\/en\/wp-json\/wp\/v2\/product"}],"about":[{"href":"https:\/\/www.anonymapparel.com\/en\/wp-json\/wp\/v2\/types\/product"}],"replies":[{"embeddable":true,"href":"https:\/\/www.anonymapparel.com\/en\/wp-json\/wp\/v2\/comments?post=36792"}],"wp:featuredmedia":[{"embeddable":true,"href":"https:\/\/www.anonymapparel.com\/en\/wp-json\/wp\/v2\/media\/27182"}],"wp:attachment":[{"href":"https:\/\/www.anonymapparel.com\/en\/wp-json\/wp\/v2\/media?parent=36792"}],"wp:term":[{"taxonomy":"product_brand","embeddable":true,"href":"https:\/\/www.anonymapparel.com\/en\/wp-json\/wp\/v2\/product_brand?post=36792"},{"taxonomy":"product_cat","embeddable":true,"href":"https:\/\/www.anonymapparel.com\/en\/wp-json\/wp\/v2\/product_cat?post=36792"},{"taxonomy":"product_tag","embeddable":true,"href":"https:\/\/www.anonymapparel.com\/en\/wp-json\/wp\/v2\/product_tag?post=36792"}],"curies":[{"name":"wp","href":"https:\/\/api.w.org\/{rel}","templated":true}]}}