{"id":34981,"date":"2024-12-21T02:01:16","date_gmt":"2024-12-21T01:01:16","guid":{"rendered":"https:\/\/www.anonymapparel.com\/?post_type=product&#038;p=34981"},"modified":"2026-02-12T14:36:15","modified_gmt":"2026-02-12T13:36:15","slug":"leontine-dress-3","status":"publish","type":"product","link":"https:\/\/www.anonymapparel.com\/en\/product\/robe-leontine-2\/","title":{"rendered":"LEONTINE DRESS"},"content":{"rendered":"<p>Short cuffed sleeves.<\/p>\n<p>Flared cut.<\/p>\n<p>Length for a size S: 114 cm.<\/p>","protected":false},"excerpt":{"rendered":"<p>Short cuffed sleeves. Flared cut. Length for a size S: 114 cm.<\/p>","protected":false},"featured_media":20773,"comment_status":"closed","ping_status":"closed","template":"","meta":{"_acf_changed":false},"product_brand":[],"product_cat":[1056,665],"product_tag":[815],"class_list":{"0":"post-34981","1":"product","2":"type-product","3":"status-publish","4":"has-post-thumbnail","6":"product_cat-archives","7":"product_cat-archive-femme","8":"product_tag-leontine-e25","9":"pa_couleur-forest","10":"pa_couleur-marine","11":"pa_couleur-pecan","12":"pa_couleur-capri","13":"pa_couleur-racing","14":"pa_coupe-robe","15":"pa_coupe-manches-courtes","16":"pa_taille-s","17":"pa_taille-m","18":"pa_taille-l","19":"pa_taille-xl","21":"first","22":"instock","23":"sale","24":"taxable","25":"shipping-taxable","26":"product-type-variable","27":"has-default-attributes"},"acf":[],"yoast_head":"<!-- This site is optimized with the Yoast SEO plugin v27.4 - https:\/\/yoast.com\/product\/yoast-seo-wordpress\/ -->\n<title>ROBE LEONTINE - Anonym Apparel<\/title>\n<meta name=\"robots\" content=\"index, follow, max-snippet:-1, max-image-preview:large, max-video-preview:-1\" \/>\n<link rel=\"canonical\" href=\"https:\/\/www.anonymapparel.com\/en\/product\/leontine-dress-3\/\" \/>\n<meta property=\"og:locale\" content=\"en_GB\" \/>\n<meta property=\"og:type\" content=\"article\" \/>\n<meta property=\"og:title\" content=\"ROBE LEONTINE - Anonym Apparel\" \/>\n<meta property=\"og:description\" content=\"Manches courtes \u00e0 revers. Coupe \u00e9vas\u00e9e. Longueur pour une taille S : 114 cm.\" \/>\n<meta property=\"og:url\" content=\"https:\/\/www.anonymapparel.com\/en\/product\/leontine-dress-3\/\" \/>\n<meta property=\"og:site_name\" content=\"Anonym Apparel\" \/>\n<meta property=\"article:publisher\" content=\"https:\/\/www.facebook.com\/anonymapparel.fr\" \/>\n<meta property=\"article:modified_time\" content=\"2026-02-12T13:36:15+00:00\" \/>\n<meta property=\"og:image\" content=\"https:\/\/www.anonymapparel.com\/wp-content\/uploads\/2024\/03\/Leontine_Forest_01.jpg\" \/>\n\t<meta property=\"og:image:width\" content=\"1033\" \/>\n\t<meta property=\"og:image:height\" content=\"1550\" \/>\n\t<meta property=\"og:image:type\" content=\"image\/jpeg\" \/>\n<meta name=\"twitter:card\" content=\"summary_large_image\" \/>\n<meta name=\"twitter:label1\" content=\"Estimated reading time\" \/>\n\t<meta name=\"twitter:data1\" content=\"1 minute\" \/>\n<script type=\"application\/ld+json\" class=\"yoast-schema-graph\">{\"@context\":\"https:\\\/\\\/schema.org\",\"@graph\":[{\"@type\":\"WebPage\",\"@id\":\"https:\\\/\\\/www.anonymapparel.com\\\/product\\\/robe-leontine-2\\\/\",\"url\":\"https:\\\/\\\/www.anonymapparel.com\\\/product\\\/robe-leontine-2\\\/\",\"name\":\"ROBE LEONTINE - Anonym Apparel\",\"isPartOf\":{\"@id\":\"https:\\\/\\\/www.anonymapparel.com\\\/#website\"},\"primaryImageOfPage\":{\"@id\":\"https:\\\/\\\/www.anonymapparel.com\\\/product\\\/robe-leontine-2\\\/#primaryimage\"},\"image\":{\"@id\":\"https:\\\/\\\/www.anonymapparel.com\\\/product\\\/robe-leontine-2\\\/#primaryimage\"},\"thumbnailUrl\":\"https:\\\/\\\/www.anonymapparel.com\\\/wp-content\\\/uploads\\\/2024\\\/03\\\/Leontine_Forest_01.jpg\",\"datePublished\":\"2024-12-21T01:01:16+00:00\",\"dateModified\":\"2026-02-12T13:36:15+00:00\",\"breadcrumb\":{\"@id\":\"https:\\\/\\\/www.anonymapparel.com\\\/product\\\/robe-leontine-2\\\/#breadcrumb\"},\"inLanguage\":\"en-GB\",\"potentialAction\":[{\"@type\":\"ReadAction\",\"target\":[\"https:\\\/\\\/www.anonymapparel.com\\\/product\\\/robe-leontine-2\\\/\"]}]},{\"@type\":\"ImageObject\",\"inLanguage\":\"en-GB\",\"@id\":\"https:\\\/\\\/www.anonymapparel.com\\\/product\\\/robe-leontine-2\\\/#primaryimage\",\"url\":\"https:\\\/\\\/www.anonymapparel.com\\\/wp-content\\\/uploads\\\/2024\\\/03\\\/Leontine_Forest_01.jpg\",\"contentUrl\":\"https:\\\/\\\/www.anonymapparel.com\\\/wp-content\\\/uploads\\\/2024\\\/03\\\/Leontine_Forest_01.jpg\",\"width\":1033,\"height\":1550,\"caption\":\"Leontine Forest 01\"},{\"@type\":\"BreadcrumbList\",\"@id\":\"https:\\\/\\\/www.anonymapparel.com\\\/product\\\/robe-leontine-2\\\/#breadcrumb\",\"itemListElement\":[{\"@type\":\"ListItem\",\"position\":1,\"name\":\"Collection\",\"item\":\"https:\\\/\\\/www.anonymapparel.com\\\/collection\\\/\"},{\"@type\":\"ListItem\",\"position\":2,\"name\":\"ARCHIVES\",\"item\":\"https:\\\/\\\/www.anonymapparel.com\\\/cat\\\/archives\\\/\"},{\"@type\":\"ListItem\",\"position\":3,\"name\":\"ROBE LEONTINE\"}]},{\"@type\":\"WebSite\",\"@id\":\"https:\\\/\\\/www.anonymapparel.com\\\/#website\",\"url\":\"https:\\\/\\\/www.anonymapparel.com\\\/\",\"name\":\"Anonym Apparel\",\"description\":\"L&#039;art de l&#039;invisible.\",\"publisher\":{\"@id\":\"https:\\\/\\\/www.anonymapparel.com\\\/#organization\"},\"potentialAction\":[{\"@type\":\"SearchAction\",\"target\":{\"@type\":\"EntryPoint\",\"urlTemplate\":\"https:\\\/\\\/www.anonymapparel.com\\\/?s={search_term_string}\"},\"query-input\":{\"@type\":\"PropertyValueSpecification\",\"valueRequired\":true,\"valueName\":\"search_term_string\"}}],\"inLanguage\":\"en-GB\"},{\"@type\":\"Organization\",\"@id\":\"https:\\\/\\\/www.anonymapparel.com\\\/#organization\",\"name\":\"Anonym Apparel\",\"url\":\"https:\\\/\\\/www.anonymapparel.com\\\/\",\"logo\":{\"@type\":\"ImageObject\",\"inLanguage\":\"en-GB\",\"@id\":\"https:\\\/\\\/www.anonymapparel.com\\\/#\\\/schema\\\/logo\\\/image\\\/\",\"url\":\"https:\\\/\\\/www.anonymapparel.com\\\/wp-content\\\/uploads\\\/2022\\\/10\\\/Anonym-Apparel-logo-noir.png\",\"contentUrl\":\"https:\\\/\\\/www.anonymapparel.com\\\/wp-content\\\/uploads\\\/2022\\\/10\\\/Anonym-Apparel-logo-noir.png\",\"width\":685,\"height\":173,\"caption\":\"Anonym Apparel\"},\"image\":{\"@id\":\"https:\\\/\\\/www.anonymapparel.com\\\/#\\\/schema\\\/logo\\\/image\\\/\"},\"sameAs\":[\"https:\\\/\\\/www.facebook.com\\\/anonymapparel.fr\",\"https:\\\/\\\/www.instagram.com\\\/anonym_apparel\\\/\",\"https:\\\/\\\/www.pinterest.fr\\\/anonymapparel\\\/\"]}]}<\/script>\n<!-- \/ Yoast SEO plugin. -->","yoast_head_json":{"title":"LEONTINE DRESS - Anonym Apparel","robots":{"index":"index","follow":"follow","max-snippet":"max-snippet:-1","max-image-preview":"max-image-preview:large","max-video-preview":"max-video-preview:-1"},"canonical":"https:\/\/www.anonymapparel.com\/en\/product\/leontine-dress-3\/","og_locale":"en_GB","og_type":"article","og_title":"ROBE LEONTINE - Anonym Apparel","og_description":"Manches courtes \u00e0 revers. Coupe \u00e9vas\u00e9e. Longueur pour une taille S : 114 cm.","og_url":"https:\/\/www.anonymapparel.com\/en\/product\/leontine-dress-3\/","og_site_name":"Anonym Apparel","article_publisher":"https:\/\/www.facebook.com\/anonymapparel.fr","article_modified_time":"2026-02-12T13:36:15+00:00","og_image":[{"width":1033,"height":1550,"url":"https:\/\/www.anonymapparel.com\/wp-content\/uploads\/2024\/03\/Leontine_Forest_01.jpg","type":"image\/jpeg"}],"twitter_card":"summary_large_image","twitter_misc":{"Estimated reading time":"1 minute"},"schema":{"@context":"https:\/\/schema.org","@graph":[{"@type":"WebPage","@id":"https:\/\/www.anonymapparel.com\/product\/robe-leontine-2\/","url":"https:\/\/www.anonymapparel.com\/product\/robe-leontine-2\/","name":"LEONTINE DRESS - Anonym Apparel","isPartOf":{"@id":"https:\/\/www.anonymapparel.com\/#website"},"primaryImageOfPage":{"@id":"https:\/\/www.anonymapparel.com\/product\/robe-leontine-2\/#primaryimage"},"image":{"@id":"https:\/\/www.anonymapparel.com\/product\/robe-leontine-2\/#primaryimage"},"thumbnailUrl":"https:\/\/www.anonymapparel.com\/wp-content\/uploads\/2024\/03\/Leontine_Forest_01.jpg","datePublished":"2024-12-21T01:01:16+00:00","dateModified":"2026-02-12T13:36:15+00:00","breadcrumb":{"@id":"https:\/\/www.anonymapparel.com\/product\/robe-leontine-2\/#breadcrumb"},"inLanguage":"en-GB","potentialAction":[{"@type":"ReadAction","target":["https:\/\/www.anonymapparel.com\/product\/robe-leontine-2\/"]}]},{"@type":"ImageObject","inLanguage":"en-GB","@id":"https:\/\/www.anonymapparel.com\/product\/robe-leontine-2\/#primaryimage","url":"https:\/\/www.anonymapparel.com\/wp-content\/uploads\/2024\/03\/Leontine_Forest_01.jpg","contentUrl":"https:\/\/www.anonymapparel.com\/wp-content\/uploads\/2024\/03\/Leontine_Forest_01.jpg","width":1033,"height":1550,"caption":"Leontine Forest 01"},{"@type":"BreadcrumbList","@id":"https:\/\/www.anonymapparel.com\/product\/robe-leontine-2\/#breadcrumb","itemListElement":[{"@type":"ListItem","position":1,"name":"Collection","item":"https:\/\/www.anonymapparel.com\/collection\/"},{"@type":"ListItem","position":2,"name":"ARCHIVES","item":"https:\/\/www.anonymapparel.com\/cat\/archives\/"},{"@type":"ListItem","position":3,"name":"ROBE LEONTINE"}]},{"@type":"WebSite","@id":"https:\/\/www.anonymapparel.com\/#website","url":"https:\/\/www.anonymapparel.com\/","name":"Anonym Apparel","description":"The art of the invisible.","publisher":{"@id":"https:\/\/www.anonymapparel.com\/#organization"},"potentialAction":[{"@type":"SearchAction","target":{"@type":"EntryPoint","urlTemplate":"https:\/\/www.anonymapparel.com\/?s={search_term_string}"},"query-input":{"@type":"PropertyValueSpecification","valueRequired":true,"valueName":"search_term_string"}}],"inLanguage":"en-GB"},{"@type":"Organization","@id":"https:\/\/www.anonymapparel.com\/#organization","name":"Anonym Apparel","url":"https:\/\/www.anonymapparel.com\/","logo":{"@type":"ImageObject","inLanguage":"en-GB","@id":"https:\/\/www.anonymapparel.com\/#\/schema\/logo\/image\/","url":"https:\/\/www.anonymapparel.com\/wp-content\/uploads\/2022\/10\/Anonym-Apparel-logo-noir.png","contentUrl":"https:\/\/www.anonymapparel.com\/wp-content\/uploads\/2022\/10\/Anonym-Apparel-logo-noir.png","width":685,"height":173,"caption":"Anonym Apparel"},"image":{"@id":"https:\/\/www.anonymapparel.com\/#\/schema\/logo\/image\/"},"sameAs":["https:\/\/www.facebook.com\/anonymapparel.fr","https:\/\/www.instagram.com\/anonym_apparel\/","https:\/\/www.pinterest.fr\/anonymapparel\/"]}]}},"_links":{"self":[{"href":"https:\/\/www.anonymapparel.com\/en\/wp-json\/wp\/v2\/product\/34981","targetHints":{"allow":["GET"]}}],"collection":[{"href":"https:\/\/www.anonymapparel.com\/en\/wp-json\/wp\/v2\/product"}],"about":[{"href":"https:\/\/www.anonymapparel.com\/en\/wp-json\/wp\/v2\/types\/product"}],"replies":[{"embeddable":true,"href":"https:\/\/www.anonymapparel.com\/en\/wp-json\/wp\/v2\/comments?post=34981"}],"wp:featuredmedia":[{"embeddable":true,"href":"https:\/\/www.anonymapparel.com\/en\/wp-json\/wp\/v2\/media\/20773"}],"wp:attachment":[{"href":"https:\/\/www.anonymapparel.com\/en\/wp-json\/wp\/v2\/media?parent=34981"}],"wp:term":[{"taxonomy":"product_brand","embeddable":true,"href":"https:\/\/www.anonymapparel.com\/en\/wp-json\/wp\/v2\/product_brand?post=34981"},{"taxonomy":"product_cat","embeddable":true,"href":"https:\/\/www.anonymapparel.com\/en\/wp-json\/wp\/v2\/product_cat?post=34981"},{"taxonomy":"product_tag","embeddable":true,"href":"https:\/\/www.anonymapparel.com\/en\/wp-json\/wp\/v2\/product_tag?post=34981"}],"curies":[{"name":"wp","href":"https:\/\/api.w.org\/{rel}","templated":true}]}}