{"id":5500,"date":"2023-02-05T19:06:11","date_gmt":"2023-02-05T18:06:11","guid":{"rendered":"https:\/\/www.anonymapparel.com\/?page_id=5500"},"modified":"2025-01-20T13:37:34","modified_gmt":"2025-01-20T12:37:34","slug":"contact-us","status":"publish","type":"page","link":"https:\/\/www.anonymapparel.com\/en\/contactez-nous\/","title":{"rendered":"Contact"},"content":{"rendered":"\n  <div class=\"banner has-hover\" id=\"banner-113569670\">\n          <div class=\"banner-inner fill\">\n        <div class=\"banner-bg fill\" >\n            <img loading=\"lazy\" decoding=\"async\" width=\"1020\" height=\"680\" src=\"https:\/\/www.anonymapparel.com\/wp-content\/uploads\/2023\/02\/ANONYM_SS22-4142.jpg\" class=\"bg attachment-large size-large\" alt=\"Anonym Ss22 4142\" \/>                        <div class=\"overlay\"><\/div>            \n                    <\/div>\n\t\t\n        <div class=\"banner-layers container\">\n            <div class=\"fill banner-link\"><\/div>            \n   <div id=\"text-box-490394722\" class=\"text-box banner-layer x50 md-x50 lg-x50 y50 md-y50 lg-y50 res-text\">\n                                <div class=\"text-box-content text dark\">\n              \n              <div class=\"text-inner text-center\">\n                  \n<h1 class=\"uppercase\"><span style=\"font-size: 75%;\">Vous avez une question ?<\/span><\/h1>\n              <\/div>\n           <\/div>\n                            \n<style>\n#text-box-490394722 {\n  width: 80%;\n}\n#text-box-490394722 .text-box-content {\n  font-size: 100%;\n}\n@media (min-width:550px) {\n  #text-box-490394722 {\n    width: 60%;\n  }\n}\n<\/style>\n    <\/div>\n \n        <\/div>\n      <\/div>\n\n            \n<style>\n#banner-113569670 {\n  padding-top: 200px;\n}\n#banner-113569670 .overlay {\n  background-color: rgba(0, 0, 0, 0.17);\n}\n@media (min-width:550px) {\n  #banner-113569670 {\n    padding-top: 400px;\n  }\n}\n<\/style>\n  <\/div>\n\n\n<div class=\"row align-center\"  id=\"row-1252561011\">\n\n\t<div id=\"col-1331193858\" class=\"col medium-8 small-11 large-8\"  >\n\t\t\t\t<div class=\"col-inner text-center\" style=\"background-color:rgb(243, 243, 243);\" >\n\t\t\t\n\t\t\t\n<h2>Envoyez-nous un email \u00e0<\/h2>\n\n<div><a class=\"button primary\" style=\"text-transform:inherit;font-size:90%;\" id=\"email-link\" href=\"#\">[email protected]<\/a><\/div>\n\n\n<div><script>document.addEventListener(\"DOMContentLoaded\", function() {var user = \"hello\";var domain = \"anonymapparel.com\";var email = user + \"@\" + domain;var mailtoLink = document.getElementById(\"email-link\");mailtoLink.href = \"mailto:\" + email;mailtoLink.textContent = email;});<\/script><\/div>\n\n\t\t<\/div>\n\t\t\t\t\n<style>\n#col-1331193858 > .col-inner {\n  padding: 50px 25px 30px 25px;\n  margin: 40px 0px 40px 0px;\n}\n@media (min-width:550px) {\n  #col-1331193858 > .col-inner {\n    padding: 50px 80px 30px 80px;\n  }\n}\n<\/style>\n\t<\/div>\n\n\t\n<\/div>\n\n\t<section class=\"section\" id=\"section_1667950275\">\n\t\t<div class=\"section-bg fill\" >\n\t\t\t\t\t\t\t\t\t<div class=\"section-bg-overlay absolute fill\"><\/div>\n\t\t\t\n\n\t\t<\/div>\n\n\t\t\n\n\t\t<div class=\"section-content relative\">\n\t\t\t\n<div class=\"row row-large align-center\"  id=\"row-799306526\">\n\n\t<div id=\"col-1691726633\" class=\"col medium-4 small-11 large-4\"  >\n\t\t\t\t<div class=\"col-inner text-left\"  >\n\t\t\t\n\t\t\t\n\t<div id=\"text-3086416877\" class=\"text\">\n\t\t\n<h2>Vous \u00eates<br \/>\nun magasin ?<\/h2>\n<p style=\"font-weight: 400;\">N\u2019h\u00e9sitez pas \u00e0 nous envoyer un mail, notre agent se fera un plaisir de vous contacter et pourquoi pas de venir vous rencontrer dans votre magasin.<\/p>\n\t\t\n<style>\n#text-3086416877 {\n  text-align: left;\n}\n@media (min-width:550px) {\n  #text-3086416877 {\n    text-align: left;\n  }\n}\n<\/style>\n\t<\/div>\n\t\n\t\t<\/div>\n\t\t\t\t\n<style>\n#col-1691726633 > .col-inner {\n  margin: 20px 0px 0px 0px;\n}\n@media (min-width:550px) {\n  #col-1691726633 > .col-inner {\n    margin: 50px 0px 0px 0px;\n  }\n}\n<\/style>\n\t<\/div>\n\n\t\n\n\t<div id=\"col-1618993469\" class=\"col medium-4 small-11 large-4\"  >\n\t\t\t\t<div class=\"col-inner\"  >\n\t\t\t\n\t\t\t\n\t<div id=\"text-1541099323\" class=\"text\">\n\t\t\n<h2>Vous \u00eates<br \/>\nun particulier ?<\/h2>\n<p style=\"font-weight: 400;\">Vous cherchez un mod\u00e8le, une couleur ou un magasin ? Nous sommes \u00e0 votre disposition pour r\u00e9pondre \u00e0 vos int\u00e9rrogations.<\/p>\n\t\t\n<style>\n#text-1541099323 {\n  text-align: left;\n}\n<\/style>\n\t<\/div>\n\t\n\t\t<\/div>\n\t\t\t\t\n<style>\n#col-1618993469 > .col-inner {\n  margin: 0px 0px 0px 0px;\n}\n@media (min-width:550px) {\n  #col-1618993469 > .col-inner {\n    margin: 50px 0px 0px 0px;\n  }\n}\n<\/style>\n\t<\/div>\n\n\t\n\n\t<div id=\"col-1407115139\" class=\"col medium-4 small-11 large-4\"  >\n\t\t\t\t<div class=\"col-inner text-left\"  >\n\t\t\t\n\t\t\t\n\t<div id=\"text-3283839530\" class=\"text\">\n\t\t\n<h2>Vous cherchez<br \/>\nun job ou un stage ?<\/h2>\n<p style=\"font-weight: 400;\">Envoyez votre CV, lettre de motivation ou demande de stage par mail, nous \u00e9tudierons attentivement vos demandes.<\/p>\n\t\t\n<style>\n#text-3283839530 {\n  text-align: left;\n}\n<\/style>\n\t<\/div>\n\t\n\t\t<\/div>\n\t\t\t\t\n<style>\n#col-1407115139 > .col-inner {\n  margin: 0px 0px 0px 0px;\n}\n@media (min-width:550px) {\n  #col-1407115139 > .col-inner {\n    margin: 50px 0px 0px 0px;\n  }\n}\n<\/style>\n\t<\/div>\n\n\t\n<\/div>\n\t\t<\/div>\n\n\t\t\n<style>\n#section_1667950275 {\n  padding-top: 30px;\n  padding-bottom: 30px;\n  background-color: rgb(193, 193, 193);\n}\n#section_1667950275 .section-bg-overlay {\n  background-color: rgba(255, 255, 255, 0.85);\n}\n<\/style>\n\t<\/section>\n\t\n","protected":false},"excerpt":{"rendered":"","protected":false},"author":8,"featured_media":0,"parent":0,"menu_order":0,"comment_status":"closed","ping_status":"closed","template":"page-blank.php","meta":{"_acf_changed":false,"footnotes":""},"class_list":["post-5500","page","type-page","status-publish","hentry"],"acf":[],"yoast_head":"<!-- This site is optimized with the Yoast SEO plugin v27.5 - https:\/\/yoast.com\/product\/yoast-seo-wordpress\/ -->\n<title>Contact - Anonym Apparel<\/title>\n<meta name=\"robots\" content=\"index, follow, max-snippet:-1, max-image-preview:large, max-video-preview:-1\" \/>\n<link rel=\"canonical\" href=\"https:\/\/www.anonymapparel.com\/en\/contact-us\/\" \/>\n<meta property=\"og:locale\" content=\"en_GB\" \/>\n<meta property=\"og:type\" content=\"article\" \/>\n<meta property=\"og:title\" content=\"Contact - Anonym Apparel\" \/>\n<meta property=\"og:url\" content=\"https:\/\/www.anonymapparel.com\/en\/contact-us\/\" \/>\n<meta property=\"og:site_name\" content=\"Anonym Apparel\" \/>\n<meta property=\"article:publisher\" content=\"https:\/\/www.facebook.com\/anonymapparel.fr\" \/>\n<meta property=\"article:modified_time\" content=\"2025-01-20T12:37:34+00:00\" \/>\n<meta name=\"twitter:card\" content=\"summary_large_image\" \/>\n<meta name=\"twitter:label1\" content=\"Estimated reading time\" \/>\n\t<meta name=\"twitter:data1\" content=\"1 minute\" \/>\n<script type=\"application\/ld+json\" class=\"yoast-schema-graph\">{\"@context\":\"https:\\\/\\\/schema.org\",\"@graph\":[{\"@type\":\"WebPage\",\"@id\":\"https:\\\/\\\/www.anonymapparel.com\\\/contactez-nous\\\/\",\"url\":\"https:\\\/\\\/www.anonymapparel.com\\\/contactez-nous\\\/\",\"name\":\"Contact - Anonym Apparel\",\"isPartOf\":{\"@id\":\"https:\\\/\\\/www.anonymapparel.com\\\/#website\"},\"datePublished\":\"2023-02-05T18:06:11+00:00\",\"dateModified\":\"2025-01-20T12:37:34+00:00\",\"inLanguage\":\"en-GB\",\"potentialAction\":[{\"@type\":\"ReadAction\",\"target\":[\"https:\\\/\\\/www.anonymapparel.com\\\/contactez-nous\\\/\"]}]},{\"@type\":\"WebSite\",\"@id\":\"https:\\\/\\\/www.anonymapparel.com\\\/#website\",\"url\":\"https:\\\/\\\/www.anonymapparel.com\\\/\",\"name\":\"Anonym Apparel\",\"description\":\"L&#039;art de l&#039;invisible.\",\"publisher\":{\"@id\":\"https:\\\/\\\/www.anonymapparel.com\\\/#organization\"},\"potentialAction\":[{\"@type\":\"SearchAction\",\"target\":{\"@type\":\"EntryPoint\",\"urlTemplate\":\"https:\\\/\\\/www.anonymapparel.com\\\/?s={search_term_string}\"},\"query-input\":{\"@type\":\"PropertyValueSpecification\",\"valueRequired\":true,\"valueName\":\"search_term_string\"}}],\"inLanguage\":\"en-GB\"},{\"@type\":\"Organization\",\"@id\":\"https:\\\/\\\/www.anonymapparel.com\\\/#organization\",\"name\":\"Anonym Apparel\",\"url\":\"https:\\\/\\\/www.anonymapparel.com\\\/\",\"logo\":{\"@type\":\"ImageObject\",\"inLanguage\":\"en-GB\",\"@id\":\"https:\\\/\\\/www.anonymapparel.com\\\/#\\\/schema\\\/logo\\\/image\\\/\",\"url\":\"https:\\\/\\\/www.anonymapparel.com\\\/wp-content\\\/uploads\\\/2022\\\/10\\\/Anonym-Apparel-logo-noir.png\",\"contentUrl\":\"https:\\\/\\\/www.anonymapparel.com\\\/wp-content\\\/uploads\\\/2022\\\/10\\\/Anonym-Apparel-logo-noir.png\",\"width\":685,\"height\":173,\"caption\":\"Anonym Apparel\"},\"image\":{\"@id\":\"https:\\\/\\\/www.anonymapparel.com\\\/#\\\/schema\\\/logo\\\/image\\\/\"},\"sameAs\":[\"https:\\\/\\\/www.facebook.com\\\/anonymapparel.fr\",\"https:\\\/\\\/www.instagram.com\\\/anonym_apparel\\\/\",\"https:\\\/\\\/www.pinterest.fr\\\/anonymapparel\\\/\"]}]}<\/script>\n<!-- \/ Yoast SEO plugin. -->","yoast_head_json":{"title":"Contact - Anonym Apparel","robots":{"index":"index","follow":"follow","max-snippet":"max-snippet:-1","max-image-preview":"max-image-preview:large","max-video-preview":"max-video-preview:-1"},"canonical":"https:\/\/www.anonymapparel.com\/en\/contact-us\/","og_locale":"en_GB","og_type":"article","og_title":"Contact - Anonym Apparel","og_url":"https:\/\/www.anonymapparel.com\/en\/contact-us\/","og_site_name":"Anonym Apparel","article_publisher":"https:\/\/www.facebook.com\/anonymapparel.fr","article_modified_time":"2025-01-20T12:37:34+00:00","twitter_card":"summary_large_image","twitter_misc":{"Estimated reading time":"1 minute"},"schema":{"@context":"https:\/\/schema.org","@graph":[{"@type":"WebPage","@id":"https:\/\/www.anonymapparel.com\/contactez-nous\/","url":"https:\/\/www.anonymapparel.com\/contactez-nous\/","name":"Contact - Anonym Apparel","isPartOf":{"@id":"https:\/\/www.anonymapparel.com\/#website"},"datePublished":"2023-02-05T18:06:11+00:00","dateModified":"2025-01-20T12:37:34+00:00","inLanguage":"en-GB","potentialAction":[{"@type":"ReadAction","target":["https:\/\/www.anonymapparel.com\/contactez-nous\/"]}]},{"@type":"WebSite","@id":"https:\/\/www.anonymapparel.com\/#website","url":"https:\/\/www.anonymapparel.com\/","name":"Anonym Apparel","description":"The art of the invisible.","publisher":{"@id":"https:\/\/www.anonymapparel.com\/#organization"},"potentialAction":[{"@type":"SearchAction","target":{"@type":"EntryPoint","urlTemplate":"https:\/\/www.anonymapparel.com\/?s={search_term_string}"},"query-input":{"@type":"PropertyValueSpecification","valueRequired":true,"valueName":"search_term_string"}}],"inLanguage":"en-GB"},{"@type":"Organization","@id":"https:\/\/www.anonymapparel.com\/#organization","name":"Anonym Apparel","url":"https:\/\/www.anonymapparel.com\/","logo":{"@type":"ImageObject","inLanguage":"en-GB","@id":"https:\/\/www.anonymapparel.com\/#\/schema\/logo\/image\/","url":"https:\/\/www.anonymapparel.com\/wp-content\/uploads\/2022\/10\/Anonym-Apparel-logo-noir.png","contentUrl":"https:\/\/www.anonymapparel.com\/wp-content\/uploads\/2022\/10\/Anonym-Apparel-logo-noir.png","width":685,"height":173,"caption":"Anonym Apparel"},"image":{"@id":"https:\/\/www.anonymapparel.com\/#\/schema\/logo\/image\/"},"sameAs":["https:\/\/www.facebook.com\/anonymapparel.fr","https:\/\/www.instagram.com\/anonym_apparel\/","https:\/\/www.pinterest.fr\/anonymapparel\/"]}]}},"_links":{"self":[{"href":"https:\/\/www.anonymapparel.com\/en\/wp-json\/wp\/v2\/pages\/5500","targetHints":{"allow":["GET"]}}],"collection":[{"href":"https:\/\/www.anonymapparel.com\/en\/wp-json\/wp\/v2\/pages"}],"about":[{"href":"https:\/\/www.anonymapparel.com\/en\/wp-json\/wp\/v2\/types\/page"}],"author":[{"embeddable":true,"href":"https:\/\/www.anonymapparel.com\/en\/wp-json\/wp\/v2\/users\/8"}],"replies":[{"embeddable":true,"href":"https:\/\/www.anonymapparel.com\/en\/wp-json\/wp\/v2\/comments?post=5500"}],"version-history":[{"count":0,"href":"https:\/\/www.anonymapparel.com\/en\/wp-json\/wp\/v2\/pages\/5500\/revisions"}],"wp:attachment":[{"href":"https:\/\/www.anonymapparel.com\/en\/wp-json\/wp\/v2\/media?parent=5500"}],"curies":[{"name":"wp","href":"https:\/\/api.w.org\/{rel}","templated":true}]}}