{"id":5139,"date":"2023-01-26T15:54:56","date_gmt":"2023-01-26T14:54:56","guid":{"rendered":"https:\/\/www.anonymapparel.com\/?page_id=5139"},"modified":"2023-05-17T16:45:55","modified_gmt":"2023-05-17T14:45:55","slug":"the-brand-anonym-apparel","status":"publish","type":"page","link":"https:\/\/www.anonymapparel.com\/en\/la-marque-anonym-apparel\/","title":{"rendered":"The brand"},"content":{"rendered":"<div class=\"banner has-hover has-parallax\" id=\"banner-1626764692\">\n          <div class=\"banner-inner fill\">\n        <div class=\"banner-bg fill\" data-parallax=\"-5\" data-parallax-container=\".banner\" data-parallax-background>\n            <img loading=\"lazy\" decoding=\"async\" width=\"1020\" height=\"681\" src=\"https:\/\/www.anonymapparel.com\/wp-content\/uploads\/2023\/01\/Seb_Chebassier_AA_SS23-248.jpg\" class=\"bg attachment-large size-large\" alt=\"Arnaud Binard Anonym Apparel\" \/>                        <div class=\"overlay\"><\/div>            \n                    <\/div>\n\t\t\n        <div class=\"banner-layers container\">\n            <div class=\"fill banner-link\"><\/div>            \n   <div id=\"text-box-292576132\" class=\"text-box banner-layer x5 md-x100 lg-x100 y10 md-y10 lg-y10 res-text\">\n                                <div class=\"text-box-content text dark\">\n              \n              <div class=\"text-inner text-center\">\n                  \n\t<div id=\"text-2711143070\" class=\"text\">\n\t\t\n<h1 class=\"uppercase\"><span style=\"font-size: 80%;\">Anonym Apparel, <\/span><br \/><span style=\"font-size: 80%;\">a committed brand<\/span><\/h1>\n<p class=\"alt-font\"><span style=\"font-size: 150%;\">\u201cSimplicity is the key to elegance\u201d<\/span><\/p>\n<p><em>Coco Chanel<\/em><\/p>\n\t\t\n<style>\n#text-2711143070 {\n  font-size: 0.75rem;\n  text-align: left;\n  color: rgb(255, 255, 255);\n}\n#text-2711143070 > * {\n  color: rgb(255, 255, 255);\n}\n@media (min-width:550px) {\n  #text-2711143070 {\n    text-align: left;\n  }\n}\n<\/style>\n\t<\/div>\n\t\n              <\/div>\n           <\/div>\n                            \n<style>\n#text-box-292576132 {\n  width: 80%;\n}\n#text-box-292576132 .text-box-content {\n  font-size: 100%;\n}\n@media (min-width:550px) {\n  #text-box-292576132 {\n    width: 52%;\n  }\n}\n<\/style>\n    <\/div>\n \n        <\/div>\n      <\/div>\n\n            \n<style>\n#banner-1626764692 {\n  padding-top: 500px;\n}\n#banner-1626764692 .overlay {\n  background-color: rgba(0, 0, 0, 0.308);\n}\n#banner-1626764692 .banner-bg img {\n  object-position: 10% 62%;\n}\n@media (min-width:550px) {\n  #banner-1626764692 {\n    padding-top: 600px;\n  }\n}\n<\/style>\n  <\/div>\n\n\n<div class=\"row\"  id=\"row-836002900\">\n\n\t<div id=\"col-272564670\" class=\"col medium-6 small-12 large-6\"  >\n\t\t\t\t<div class=\"col-inner\"  >\n\t\t\t\n\t\t\t\n\t<div id=\"text-1763301138\" class=\"text\">\n\t\t\n<h2>Timeless and ethical fashion.<\/h2>\n<p>Anonym Apparel offers <b>a basic, colorful, comfortable, modern, feel good and durable vest<\/b> to an informed clientele, ever more concerned about the environment.<\/p>\n<p><b>Softness, quality, nobility of materials<\/b> And <b>diversity of colors<\/b> mix together wonderfully to give <b>pieces of high quality and unique comfort<\/b>.<\/p>\n<p>Simple, fair and human products, resulting from dual nationality expertise.<\/p>\n\t\t\n<style>\n#text-1763301138 {\n  text-align: left;\n}\n<\/style>\n\t<\/div>\n\t\n\t\t<\/div>\n\t\t\t\t\n<style>\n#col-272564670 > .col-inner {\n  padding: 50px 0px 0px 0px;\n}\n@media (min-width:550px) {\n  #col-272564670 > .col-inner {\n    padding: 50px 0px 50px 0px;\n  }\n}\n<\/style>\n\t<\/div>\n\n\t\n\n\t<div id=\"col-810311603\" class=\"col medium-2 small-12 large-2\"  >\n\t\t\t\t<div class=\"col-inner text-center\"  >\n\t\t\t\n\t\t\t\n\t<div class=\"img has-hover x md-x lg-x y md-y lg-y\" id=\"image_1444071079\">\n\t\t\t\t\t\t\t\t<div class=\"img-inner dark\" >\n\t\t\t<img loading=\"lazy\" decoding=\"async\" width=\"1\" height=\"1\" src=\"https:\/\/www.anonymapparel.com\/wp-content\/uploads\/2023\/01\/toucher-deuxieme-peau.svg\" class=\"attachment-large size-large\" alt=\"Second Skin Touch\" \/>\t\t\t\t\t\t\n\t\t\t\t\t<\/div>\n\t\t\t\t\t\t\t\t\n<style>\n#image_1444071079 {\n  width: 43%;\n}\n@media (min-width:550px) {\n  #image_1444071079 {\n    width: 77%;\n  }\n}\n<\/style>\n\t<\/div>\n\t\n\t\t<\/div>\n\t\t\t\t\n<style>\n#col-810311603 > .col-inner {\n  padding: 0px 0px 0px 0px;\n}\n@media (min-width:550px) {\n  #col-810311603 > .col-inner {\n    padding: 50px 0px 0px 0px;\n  }\n}\n<\/style>\n\t<\/div>\n\n\t\n\n\t<div id=\"col-2044436896\" class=\"col medium-4 small-12 large-4\"  >\n\t\t\t\t<div class=\"col-inner\"  >\n\t\t\t\n\t\t\t\n\t<div id=\"text-3561429786\" class=\"text\">\n\t\t\n<p class=\"h1\">A fair and humane product that unites an informed community.<\/p>\n\t\t\n<style>\n#text-3561429786 {\n  font-size: 1.55rem;\n  text-align: center;\n}\n@media (min-width:550px) {\n  #text-3561429786 {\n    text-align: left;\n  }\n}\n<\/style>\n\t<\/div>\n\t\n\t\t<\/div>\n\t\t\t\t\n<style>\n#col-2044436896 > .col-inner {\n  padding: 0px 0px 0px 0px;\n  margin: 0px 0px 0px 0px;\n}\n@media (min-width:550px) {\n  #col-2044436896 > .col-inner {\n    padding: 50px 0px 0px 0px;\n  }\n}\n<\/style>\n\t<\/div>\n\n\t\n<\/div>\n<div class=\"row row-full-width\"  id=\"row-1599169560\">\n\n\t<div id=\"col-1680334351\" class=\"col medium-6 small-12 large-6\"  >\n\t\t\t\t<div class=\"col-inner\"  >\n\t\t\t\n\t\t\t\n\t<div class=\"box has-hover   has-hover box-overlay dark box-text-middle\" >\n\n\t\t<div class=\"box-image\" >\n\t\t\t<a href=\"https:\/\/www.anonymapparel.com\/en\/history-anonym-apparel\/\" >\t\t\t<div class=\"image-cover\" style=\"padding-top:470px;\">\n\t\t\t\t<img loading=\"lazy\" decoding=\"async\" width=\"1500\" height=\"1000\" src=\"https:\/\/www.anonymapparel.com\/wp-content\/uploads\/2023\/01\/020A3155_1.jpg\" class=\"attachment- size-\" alt=\"Woman Cusco Anonym Apparel\" srcset=\"https:\/\/www.anonymapparel.com\/wp-content\/uploads\/2023\/01\/020A3155_1.jpg 1500w, https:\/\/www.anonymapparel.com\/wp-content\/uploads\/2023\/01\/020A3155_1-394x263.jpg 394w, https:\/\/www.anonymapparel.com\/wp-content\/uploads\/2023\/01\/020A3155_1-430x287.jpg 430w, https:\/\/www.anonymapparel.com\/wp-content\/uploads\/2023\/01\/020A3155_1-400x267.jpg 400w\" sizes=\"auto, (max-width: 1500px) 100vw, 1500px\" \/>\t\t\t\t<div class=\"overlay\" style=\"background-color:1\"><\/div>\t\t\t\t\t\t\t<\/div>\n\t\t\t<\/a>\t\t<\/div>\n\n\t\t<div class=\"box-text text-center\" >\n\t\t\t<div class=\"box-text-inner\">\n\t\t\t\t\n\t<div id=\"text-3619437132\" class=\"text\">\n\t\t\n<h3><span style=\"font-size: 150%;\">OUR HISTORY<\/span><\/h3>\n\t\t\n<style>\n#text-3619437132 {\n  font-size: 0.95rem;\n}\n<\/style>\n\t<\/div>\n\t\n\t\t\t<\/div>\n\t\t<\/div>\n\t<\/div>\n\t\n\t<div id=\"gap-935673864\" class=\"gap-element clearfix\" style=\"display:block; height:auto;\">\n\t\t\n<style>\n#gap-935673864 {\n  padding-top: 30px;\n}\n<\/style>\n\t<\/div>\n\t\n\t<div class=\"box has-hover   has-hover box-overlay dark box-text-middle\" >\n\n\t\t<div class=\"box-image\" >\n\t\t\t<a href=\"https:\/\/www.anonymapparel.com\/en\/values-anonym-apparel\/\" >\t\t\t<div class=\"image-cover\" style=\"padding-top:200px;\">\n\t\t\t\t<img loading=\"lazy\" decoding=\"async\" width=\"1500\" height=\"1000\" src=\"https:\/\/www.anonymapparel.com\/wp-content\/uploads\/2023\/01\/020A3605.jpg\" class=\"attachment- size-\" alt=\"020a3605\" srcset=\"https:\/\/www.anonymapparel.com\/wp-content\/uploads\/2023\/01\/020A3605.jpg 1500w, https:\/\/www.anonymapparel.com\/wp-content\/uploads\/2023\/01\/020A3605-394x263.jpg 394w, https:\/\/www.anonymapparel.com\/wp-content\/uploads\/2023\/01\/020A3605-430x287.jpg 430w, https:\/\/www.anonymapparel.com\/wp-content\/uploads\/2023\/01\/020A3605-400x267.jpg 400w\" sizes=\"auto, (max-width: 1500px) 100vw, 1500px\" \/>\t\t\t\t<div class=\"overlay\" style=\"background-color:1\"><\/div>\t\t\t\t\t\t\t<\/div>\n\t\t\t<\/a>\t\t<\/div>\n\n\t\t<div class=\"box-text text-center\" >\n\t\t\t<div class=\"box-text-inner\">\n\t\t\t\t\n\t<div id=\"text-2020211230\" class=\"text\">\n\t\t\n<h3><span style=\"font-size: 150%;\">OUR VALUES<\/span><\/h3>\n\t\t\n<style>\n#text-2020211230 {\n  font-size: 0.95rem;\n}\n<\/style>\n\t<\/div>\n\t\n\t\t\t<\/div>\n\t\t<\/div>\n\t<\/div>\n\t\n\t\t<\/div>\n\t\t\t\t\t<\/div>\n\n\t\n\n\t<div id=\"col-2004269087\" class=\"col medium-6 small-12 large-6\"  >\n\t\t\t\t<div class=\"col-inner\"  >\n\t\t\t\n\t\t\t\n\t<div class=\"box has-hover   has-hover box-overlay dark box-text-middle\" >\n\n\t\t<div class=\"box-image\" >\n\t\t\t<a href=\"https:\/\/www.anonymapparel.com\/en\/peruvian-pima-cotton\/\" >\t\t\t<div class=\"image-cover\" style=\"padding-top:700px;\">\n\t\t\t\t<img loading=\"lazy\" decoding=\"async\" width=\"1500\" height=\"1000\" src=\"https:\/\/www.anonymapparel.com\/wp-content\/uploads\/2023\/01\/020A3636.jpg\" class=\"attachment- size-\" alt=\"020a3636\" srcset=\"https:\/\/www.anonymapparel.com\/wp-content\/uploads\/2023\/01\/020A3636.jpg 1500w, https:\/\/www.anonymapparel.com\/wp-content\/uploads\/2023\/01\/020A3636-394x263.jpg 394w, https:\/\/www.anonymapparel.com\/wp-content\/uploads\/2023\/01\/020A3636-430x287.jpg 430w, https:\/\/www.anonymapparel.com\/wp-content\/uploads\/2023\/01\/020A3636-400x267.jpg 400w\" sizes=\"auto, (max-width: 1500px) 100vw, 1500px\" \/>\t\t\t\t<div class=\"overlay\" style=\"background-color:1\"><\/div>\t\t\t\t\t\t\t<\/div>\n\t\t\t<\/a>\t\t<\/div>\n\n\t\t<div class=\"box-text text-center\" >\n\t\t\t<div class=\"box-text-inner\">\n\t\t\t\t\n\t<div id=\"text-1628057162\" class=\"text\">\n\t\t\n<h3><span style=\"font-size: 150%;\">PERUVIAN PIMA COTTON<\/span><\/h3>\n\t\t\n<style>\n#text-1628057162 {\n  font-size: 0.95rem;\n}\n<\/style>\n\t<\/div>\n\t\n\t\t\t<\/div>\n\t\t<\/div>\n\t<\/div>\n\t\n\t\t<\/div>\n\t\t\t\t\n<style>\n#col-2004269087 > .col-inner {\n  margin: 0px 0px 50px 0px;\n}\n<\/style>\n\t<\/div>\n\n\t\n<\/div>","protected":false},"excerpt":{"rendered":"","protected":false},"author":8,"featured_media":0,"parent":0,"menu_order":0,"comment_status":"closed","ping_status":"closed","template":"page-blank.php","meta":{"_acf_changed":false,"footnotes":""},"class_list":["post-5139","page","type-page","status-publish","hentry"],"acf":[],"yoast_head":"<!-- This site is optimized with the Yoast SEO plugin v27.4 - https:\/\/yoast.com\/product\/yoast-seo-wordpress\/ -->\n<title>La marque - Anonym Apparel<\/title>\n<meta name=\"description\" content=\"Anonym Apparel est une marque engag\u00e9e de textile. Sp\u00e9cialis\u00e9 dans la confection de v\u00eatements en Coton Pima P\u00e9ruvien.\" \/>\n<meta name=\"robots\" content=\"index, follow, max-snippet:-1, max-image-preview:large, max-video-preview:-1\" \/>\n<link rel=\"canonical\" href=\"https:\/\/www.anonymapparel.com\/en\/the-brand-anonym-apparel\/\" \/>\n<meta property=\"og:locale\" content=\"en_GB\" \/>\n<meta property=\"og:type\" content=\"article\" \/>\n<meta property=\"og:title\" content=\"La marque - Anonym Apparel\" \/>\n<meta property=\"og:description\" content=\"Anonym Apparel est une marque engag\u00e9e de textile. Sp\u00e9cialis\u00e9 dans la confection de v\u00eatements en Coton Pima P\u00e9ruvien.\" \/>\n<meta property=\"og:url\" content=\"https:\/\/www.anonymapparel.com\/en\/the-brand-anonym-apparel\/\" \/>\n<meta property=\"og:site_name\" content=\"Anonym Apparel\" \/>\n<meta property=\"article:publisher\" content=\"https:\/\/www.facebook.com\/anonymapparel.fr\" \/>\n<meta property=\"article:modified_time\" content=\"2023-05-17T14:45:55+00:00\" \/>\n<meta name=\"twitter:card\" content=\"summary_large_image\" \/>\n<script type=\"application\/ld+json\" class=\"yoast-schema-graph\">{\"@context\":\"https:\\\/\\\/schema.org\",\"@graph\":[{\"@type\":\"WebPage\",\"@id\":\"https:\\\/\\\/www.anonymapparel.com\\\/la-marque-anonym-apparel\\\/\",\"url\":\"https:\\\/\\\/www.anonymapparel.com\\\/la-marque-anonym-apparel\\\/\",\"name\":\"La marque - Anonym Apparel\",\"isPartOf\":{\"@id\":\"https:\\\/\\\/www.anonymapparel.com\\\/#website\"},\"datePublished\":\"2023-01-26T14:54:56+00:00\",\"dateModified\":\"2023-05-17T14:45:55+00:00\",\"description\":\"Anonym Apparel est une marque engag\u00e9e de textile. Sp\u00e9cialis\u00e9 dans la confection de v\u00eatements en Coton Pima P\u00e9ruvien.\",\"inLanguage\":\"en-GB\",\"potentialAction\":[{\"@type\":\"ReadAction\",\"target\":[\"https:\\\/\\\/www.anonymapparel.com\\\/la-marque-anonym-apparel\\\/\"]}]},{\"@type\":\"WebSite\",\"@id\":\"https:\\\/\\\/www.anonymapparel.com\\\/#website\",\"url\":\"https:\\\/\\\/www.anonymapparel.com\\\/\",\"name\":\"Anonym Apparel\",\"description\":\"L&#039;art de l&#039;invisible.\",\"publisher\":{\"@id\":\"https:\\\/\\\/www.anonymapparel.com\\\/#organization\"},\"potentialAction\":[{\"@type\":\"SearchAction\",\"target\":{\"@type\":\"EntryPoint\",\"urlTemplate\":\"https:\\\/\\\/www.anonymapparel.com\\\/?s={search_term_string}\"},\"query-input\":{\"@type\":\"PropertyValueSpecification\",\"valueRequired\":true,\"valueName\":\"search_term_string\"}}],\"inLanguage\":\"en-GB\"},{\"@type\":\"Organization\",\"@id\":\"https:\\\/\\\/www.anonymapparel.com\\\/#organization\",\"name\":\"Anonym Apparel\",\"url\":\"https:\\\/\\\/www.anonymapparel.com\\\/\",\"logo\":{\"@type\":\"ImageObject\",\"inLanguage\":\"en-GB\",\"@id\":\"https:\\\/\\\/www.anonymapparel.com\\\/#\\\/schema\\\/logo\\\/image\\\/\",\"url\":\"https:\\\/\\\/www.anonymapparel.com\\\/wp-content\\\/uploads\\\/2022\\\/10\\\/Anonym-Apparel-logo-noir.png\",\"contentUrl\":\"https:\\\/\\\/www.anonymapparel.com\\\/wp-content\\\/uploads\\\/2022\\\/10\\\/Anonym-Apparel-logo-noir.png\",\"width\":685,\"height\":173,\"caption\":\"Anonym Apparel\"},\"image\":{\"@id\":\"https:\\\/\\\/www.anonymapparel.com\\\/#\\\/schema\\\/logo\\\/image\\\/\"},\"sameAs\":[\"https:\\\/\\\/www.facebook.com\\\/anonymapparel.fr\",\"https:\\\/\\\/www.instagram.com\\\/anonym_apparel\\\/\",\"https:\\\/\\\/www.pinterest.fr\\\/anonymapparel\\\/\"]}]}<\/script>\n<!-- \/ Yoast SEO plugin. -->","yoast_head_json":{"title":"The Brand - Anonym Apparel","description":"Anonym Apparel is a committed textile brand. Specialized in the manufacture of Peruvian Pima Cotton clothing.","robots":{"index":"index","follow":"follow","max-snippet":"max-snippet:-1","max-image-preview":"max-image-preview:large","max-video-preview":"max-video-preview:-1"},"canonical":"https:\/\/www.anonymapparel.com\/en\/the-brand-anonym-apparel\/","og_locale":"en_GB","og_type":"article","og_title":"La marque - Anonym Apparel","og_description":"Anonym Apparel est une marque engag\u00e9e de textile. Sp\u00e9cialis\u00e9 dans la confection de v\u00eatements en Coton Pima P\u00e9ruvien.","og_url":"https:\/\/www.anonymapparel.com\/en\/the-brand-anonym-apparel\/","og_site_name":"Anonym Apparel","article_publisher":"https:\/\/www.facebook.com\/anonymapparel.fr","article_modified_time":"2023-05-17T14:45:55+00:00","twitter_card":"summary_large_image","schema":{"@context":"https:\/\/schema.org","@graph":[{"@type":"WebPage","@id":"https:\/\/www.anonymapparel.com\/la-marque-anonym-apparel\/","url":"https:\/\/www.anonymapparel.com\/la-marque-anonym-apparel\/","name":"The Brand - Anonym Apparel","isPartOf":{"@id":"https:\/\/www.anonymapparel.com\/#website"},"datePublished":"2023-01-26T14:54:56+00:00","dateModified":"2023-05-17T14:45:55+00:00","description":"Anonym Apparel is a committed textile brand. Specialized in the manufacture of Peruvian Pima Cotton clothing.","inLanguage":"en-GB","potentialAction":[{"@type":"ReadAction","target":["https:\/\/www.anonymapparel.com\/la-marque-anonym-apparel\/"]}]},{"@type":"WebSite","@id":"https:\/\/www.anonymapparel.com\/#website","url":"https:\/\/www.anonymapparel.com\/","name":"Anonym Apparel","description":"The art of the invisible.","publisher":{"@id":"https:\/\/www.anonymapparel.com\/#organization"},"potentialAction":[{"@type":"SearchAction","target":{"@type":"EntryPoint","urlTemplate":"https:\/\/www.anonymapparel.com\/?s={search_term_string}"},"query-input":{"@type":"PropertyValueSpecification","valueRequired":true,"valueName":"search_term_string"}}],"inLanguage":"en-GB"},{"@type":"Organization","@id":"https:\/\/www.anonymapparel.com\/#organization","name":"Anonym Apparel","url":"https:\/\/www.anonymapparel.com\/","logo":{"@type":"ImageObject","inLanguage":"en-GB","@id":"https:\/\/www.anonymapparel.com\/#\/schema\/logo\/image\/","url":"https:\/\/www.anonymapparel.com\/wp-content\/uploads\/2022\/10\/Anonym-Apparel-logo-noir.png","contentUrl":"https:\/\/www.anonymapparel.com\/wp-content\/uploads\/2022\/10\/Anonym-Apparel-logo-noir.png","width":685,"height":173,"caption":"Anonym Apparel"},"image":{"@id":"https:\/\/www.anonymapparel.com\/#\/schema\/logo\/image\/"},"sameAs":["https:\/\/www.facebook.com\/anonymapparel.fr","https:\/\/www.instagram.com\/anonym_apparel\/","https:\/\/www.pinterest.fr\/anonymapparel\/"]}]}},"_links":{"self":[{"href":"https:\/\/www.anonymapparel.com\/en\/wp-json\/wp\/v2\/pages\/5139","targetHints":{"allow":["GET"]}}],"collection":[{"href":"https:\/\/www.anonymapparel.com\/en\/wp-json\/wp\/v2\/pages"}],"about":[{"href":"https:\/\/www.anonymapparel.com\/en\/wp-json\/wp\/v2\/types\/page"}],"author":[{"embeddable":true,"href":"https:\/\/www.anonymapparel.com\/en\/wp-json\/wp\/v2\/users\/8"}],"replies":[{"embeddable":true,"href":"https:\/\/www.anonymapparel.com\/en\/wp-json\/wp\/v2\/comments?post=5139"}],"version-history":[{"count":0,"href":"https:\/\/www.anonymapparel.com\/en\/wp-json\/wp\/v2\/pages\/5139\/revisions"}],"wp:attachment":[{"href":"https:\/\/www.anonymapparel.com\/en\/wp-json\/wp\/v2\/media?parent=5139"}],"curies":[{"name":"wp","href":"https:\/\/api.w.org\/{rel}","templated":true}]}}