{"id":3,"date":"2018-09-04T04:42:50","date_gmt":"2018-09-04T02:42:50","guid":{"rendered":"http:\/\/anonym.2gci.fr\/?page_id=3"},"modified":"2025-07-10T10:04:15","modified_gmt":"2025-07-10T08:04:15","slug":"private-life","status":"publish","type":"page","link":"https:\/\/www.anonymapparel.com\/en\/vie-privee\/","title":{"rendered":"Private life"},"content":{"rendered":"<h1>Privacy Policy<\/h1>\n<p>Last updated May 13, 2023<br \/>\nEffective date May 13, 2023<\/p>\n<p>This Privacy Policy describes the policies of Anonym Apparel, 8 avenue de Laubian, Nouvelle Aquitaine 40150, France, email: hello \u2013 @ \u2013 anonymapparel.com, phone: 0643530656 on the collection, use and disclosure of your information that we collect when you use our website ( https:\/\/www.anonymapparel.com\/ ). (the \u201cService\u201d). By accessing or using the Service, you consent to the collection, use and disclosure of your information in accordance with this Privacy Policy. If you do not consent to the same, please do not access or use the Service.<\/p>\n<p>We may modify this Privacy Policy at any time without notice and will post the revised Privacy Policy on the Service. The revised Policy will be effective 180 days from the posting of the revised Policy on the Service and your continued access or use of the Service after such period will constitute your acceptance of the revised Privacy Policy. We therefore recommend that you periodically consult this page.<\/p>\n<h2>Information We Collect<\/h2>\n<p>We will collect and process the following personal information about you:<\/p>\n<ul>\n<li>Name<\/li>\n<li>E-mail<\/li>\n<li>Mobile<\/li>\n<li>Address<\/li>\n<li>Business address<\/li>\n<li>Payment Information<\/li>\n<\/ul>\n<h2>How do we collect your information?<\/h2>\n<p>We collect\/receive information about you in the following ways:<\/p>\n<ul>\n<li>When a user completes the registration form or otherwise submits personal information<\/li>\n<li>Interacts with the website<\/li>\n<\/ul>\n<h2>How do we use your information?<\/h2>\n<p>We will use the information we collect about you for the following purposes:<\/p>\n<ul>\n<li>Marketing\/ promotional<\/li>\n<li>User account creation<\/li>\n<li>Payment processing<\/li>\n<li>Administrative information<\/li>\n<li>Manage customer order<\/li>\n<li>Dispute settlement<\/li>\n<li>Manage user account<\/li>\n<\/ul>\n<p>If we wish to use your information for other purposes, we will ask for your consent and will only use your information after receiving your consent and then only for the purposes for which we give your consent, unless we are required to do otherwise by law.<\/p>\n<h2>How do we share your information?<\/h2>\n<p>We will not transfer your personal information to third parties without seeking your consent, except in limited circumstances described below:<\/p>\n<h3>Analytic<\/h3>\n<p>We require these third parties to use the personal information we transfer to them only for the purposes for which it was transferred and to keep it for no longer than is necessary to fulfill that purpose.<br \/>\nWe may also disclose your personal information in the following circumstances: (1) to comply with applicable law, regulation, court order, or other legal process; (2) to enforce your agreements with us, including this Privacy Policy; or (3) to respond to claims that your use of the Service violates the rights of third parties. If the Service or our company is merged or acquired by another company, your information will be one of the assets transferred to the new owner.<\/p>\n<h3>Retention of your information<\/h3>\n<p>We will retain your personal information with us for 90 days to 2 years after user accounts remain inactive or as long as we need it to fulfill the purposes for which it was collected as outlined in this Privacy Policy. We may need to retain certain information for longer periods such as record keeping\/reporting in accordance with applicable law or for other legitimate reasons such as enforcing legal rights, fraud prevention, etc. Residual anonymous information and aggregated information, which does not identify you (directly or indirectly), may be stored indefinitely.<\/p>\n<h3>Your rights<\/h3>\n<p>Depending on the applicable law, you may have a right to access and rectify or erase your personal data or receive a copy of your personal data, restrict or object to the active processing of your data, ask us to share (port) your personal information to another entity, withdraw any consent you have provided to us to process your data, a right to lodge a complaint with a statutory authority and any other rights that may be relevant under applicable laws. To exercise these rights, you can write to us at hello \u2013 @ \u2013 anonymapparel.com. We will respond to your request in accordance with the applicable law.<br \/>\nYou can opt out of direct marketing communications or profiling we carry out for marketing purposes by writing to us at hello \u2013 @ \u2013 anonymapparel.com.<br \/>\nNote that if you do not authorize us to collect or process the required personal information or if you withdraw consent to process it for the required purposes, you may not be able to access or use the services for which your information was sought.<\/p>\n<h3>Cookies<\/h3>\n<p>To learn more about how we use them and your choices regarding these tracking technologies, please refer to our cookie policy.<\/p>\n<h3>Security<\/h3>\n<p>The security of your information is important to us and we will use reasonable security measures to prevent the loss, misuse or unauthorized alteration of your information under our control. However, given the inherent risks, we cannot guarantee absolute security and therefore we cannot ensure or warrant the security of any information you transmit to us and you do so at your own risk.<\/p>\n<h3>Grievance \/ Data Protection Officer<\/h3>\n<p>If you have any questions or concerns regarding the processing of your information available to us, you may email our Complaints Officer at Anonym Apparel, 8 avenue de Laubian, email: hello \u2013 @ \u2013 anonymapparel. com. We will respond to your concerns in accordance with applicable law.<\/p>\n<p>&nbsp;<\/p>","protected":false},"excerpt":{"rendered":"<p>Privacy Policy Last updated May 13, 2023 Effective Date May 13, 2023 This Privacy Policy describes the policies of Anonym Apparel, 8 avenue de Laubian, Nouvelle Aquitaine 40150, France, email: hello \u2013 @ \u2013 anonymapparel.com, phone: 0643530656 on the collection, use and disclosure of your information \u21e2<\/p>","protected":false},"author":4,"featured_media":0,"parent":0,"menu_order":0,"comment_status":"closed","ping_status":"open","template":"","meta":{"_acf_changed":false,"footnotes":""},"class_list":["post-3","page","type-page","status-publish","hentry"],"acf":[],"yoast_head":"<!-- This site is optimized with the Yoast SEO plugin v27.4 - https:\/\/yoast.com\/product\/yoast-seo-wordpress\/ -->\n<title>Vie priv\u00e9e - Anonym Apparel<\/title>\n<meta name=\"robots\" content=\"index, follow, max-snippet:-1, max-image-preview:large, max-video-preview:-1\" \/>\n<link rel=\"canonical\" href=\"https:\/\/www.anonymapparel.com\/en\/private-life\/\" \/>\n<meta property=\"og:locale\" content=\"en_GB\" \/>\n<meta property=\"og:type\" content=\"article\" \/>\n<meta property=\"og:title\" content=\"Vie priv\u00e9e - Anonym Apparel\" \/>\n<meta property=\"og:description\" content=\"Politique de confidentialit\u00e9 Derni\u00e8re mise \u00e0 jour le 13 mai 2023 Date d&rsquo;entr\u00e9e en vigueur 13 mai 2023 Cette politique de confidentialit\u00e9 d\u00e9crit les politiques d&rsquo;Anonym Apparel, 8 avenue de Laubian, Nouvelle Aquitaine 40150, France, email : hello &#8211; @ &#8211; anonymapparel.com, t\u00e9l\u00e9phone : 0643530656 sur la collecte, l&rsquo;utilisation et la divulgation de vos informations&nbsp; \u21e2\" \/>\n<meta property=\"og:url\" content=\"https:\/\/www.anonymapparel.com\/en\/private-life\/\" \/>\n<meta property=\"og:site_name\" content=\"Anonym Apparel\" \/>\n<meta property=\"article:publisher\" content=\"https:\/\/www.facebook.com\/anonymapparel.fr\" \/>\n<meta property=\"article:modified_time\" content=\"2025-07-10T08:04:15+00:00\" \/>\n<meta name=\"twitter:card\" content=\"summary_large_image\" \/>\n<meta name=\"twitter:label1\" content=\"Estimated reading time\" \/>\n\t<meta name=\"twitter:data1\" content=\"5 minutes\" \/>\n<script type=\"application\/ld+json\" class=\"yoast-schema-graph\">{\"@context\":\"https:\\\/\\\/schema.org\",\"@graph\":[{\"@type\":\"WebPage\",\"@id\":\"https:\\\/\\\/www.anonymapparel.com\\\/vie-privee\\\/\",\"url\":\"https:\\\/\\\/www.anonymapparel.com\\\/vie-privee\\\/\",\"name\":\"Vie priv\u00e9e - Anonym Apparel\",\"isPartOf\":{\"@id\":\"https:\\\/\\\/www.anonymapparel.com\\\/#website\"},\"datePublished\":\"2018-09-04T02:42:50+00:00\",\"dateModified\":\"2025-07-10T08:04:15+00:00\",\"inLanguage\":\"en-GB\",\"potentialAction\":[{\"@type\":\"ReadAction\",\"target\":[\"https:\\\/\\\/www.anonymapparel.com\\\/vie-privee\\\/\"]}]},{\"@type\":\"WebSite\",\"@id\":\"https:\\\/\\\/www.anonymapparel.com\\\/#website\",\"url\":\"https:\\\/\\\/www.anonymapparel.com\\\/\",\"name\":\"Anonym Apparel\",\"description\":\"L&#039;art de l&#039;invisible.\",\"publisher\":{\"@id\":\"https:\\\/\\\/www.anonymapparel.com\\\/#organization\"},\"potentialAction\":[{\"@type\":\"SearchAction\",\"target\":{\"@type\":\"EntryPoint\",\"urlTemplate\":\"https:\\\/\\\/www.anonymapparel.com\\\/?s={search_term_string}\"},\"query-input\":{\"@type\":\"PropertyValueSpecification\",\"valueRequired\":true,\"valueName\":\"search_term_string\"}}],\"inLanguage\":\"en-GB\"},{\"@type\":\"Organization\",\"@id\":\"https:\\\/\\\/www.anonymapparel.com\\\/#organization\",\"name\":\"Anonym Apparel\",\"url\":\"https:\\\/\\\/www.anonymapparel.com\\\/\",\"logo\":{\"@type\":\"ImageObject\",\"inLanguage\":\"en-GB\",\"@id\":\"https:\\\/\\\/www.anonymapparel.com\\\/#\\\/schema\\\/logo\\\/image\\\/\",\"url\":\"https:\\\/\\\/www.anonymapparel.com\\\/wp-content\\\/uploads\\\/2022\\\/10\\\/Anonym-Apparel-logo-noir.png\",\"contentUrl\":\"https:\\\/\\\/www.anonymapparel.com\\\/wp-content\\\/uploads\\\/2022\\\/10\\\/Anonym-Apparel-logo-noir.png\",\"width\":685,\"height\":173,\"caption\":\"Anonym Apparel\"},\"image\":{\"@id\":\"https:\\\/\\\/www.anonymapparel.com\\\/#\\\/schema\\\/logo\\\/image\\\/\"},\"sameAs\":[\"https:\\\/\\\/www.facebook.com\\\/anonymapparel.fr\",\"https:\\\/\\\/www.instagram.com\\\/anonym_apparel\\\/\",\"https:\\\/\\\/www.pinterest.fr\\\/anonymapparel\\\/\"]}]}<\/script>\n<!-- \/ Yoast SEO plugin. -->","yoast_head_json":{"title":"Privacy - Anonym Apparel","robots":{"index":"index","follow":"follow","max-snippet":"max-snippet:-1","max-image-preview":"max-image-preview:large","max-video-preview":"max-video-preview:-1"},"canonical":"https:\/\/www.anonymapparel.com\/en\/private-life\/","og_locale":"en_GB","og_type":"article","og_title":"Vie priv\u00e9e - Anonym Apparel","og_description":"Politique de confidentialit\u00e9 Derni\u00e8re mise \u00e0 jour le 13 mai 2023 Date d&rsquo;entr\u00e9e en vigueur 13 mai 2023 Cette politique de confidentialit\u00e9 d\u00e9crit les politiques d&rsquo;Anonym Apparel, 8 avenue de Laubian, Nouvelle Aquitaine 40150, France, email : hello &#8211; @ &#8211; anonymapparel.com, t\u00e9l\u00e9phone : 0643530656 sur la collecte, l&rsquo;utilisation et la divulgation de vos informations&nbsp; \u21e2","og_url":"https:\/\/www.anonymapparel.com\/en\/private-life\/","og_site_name":"Anonym Apparel","article_publisher":"https:\/\/www.facebook.com\/anonymapparel.fr","article_modified_time":"2025-07-10T08:04:15+00:00","twitter_card":"summary_large_image","twitter_misc":{"Estimated reading time":"5 minutes"},"schema":{"@context":"https:\/\/schema.org","@graph":[{"@type":"WebPage","@id":"https:\/\/www.anonymapparel.com\/vie-privee\/","url":"https:\/\/www.anonymapparel.com\/vie-privee\/","name":"Privacy - Anonym Apparel","isPartOf":{"@id":"https:\/\/www.anonymapparel.com\/#website"},"datePublished":"2018-09-04T02:42:50+00:00","dateModified":"2025-07-10T08:04:15+00:00","inLanguage":"en-GB","potentialAction":[{"@type":"ReadAction","target":["https:\/\/www.anonymapparel.com\/vie-privee\/"]}]},{"@type":"WebSite","@id":"https:\/\/www.anonymapparel.com\/#website","url":"https:\/\/www.anonymapparel.com\/","name":"Anonym Apparel","description":"The art of the invisible.","publisher":{"@id":"https:\/\/www.anonymapparel.com\/#organization"},"potentialAction":[{"@type":"SearchAction","target":{"@type":"EntryPoint","urlTemplate":"https:\/\/www.anonymapparel.com\/?s={search_term_string}"},"query-input":{"@type":"PropertyValueSpecification","valueRequired":true,"valueName":"search_term_string"}}],"inLanguage":"en-GB"},{"@type":"Organization","@id":"https:\/\/www.anonymapparel.com\/#organization","name":"Anonym Apparel","url":"https:\/\/www.anonymapparel.com\/","logo":{"@type":"ImageObject","inLanguage":"en-GB","@id":"https:\/\/www.anonymapparel.com\/#\/schema\/logo\/image\/","url":"https:\/\/www.anonymapparel.com\/wp-content\/uploads\/2022\/10\/Anonym-Apparel-logo-noir.png","contentUrl":"https:\/\/www.anonymapparel.com\/wp-content\/uploads\/2022\/10\/Anonym-Apparel-logo-noir.png","width":685,"height":173,"caption":"Anonym Apparel"},"image":{"@id":"https:\/\/www.anonymapparel.com\/#\/schema\/logo\/image\/"},"sameAs":["https:\/\/www.facebook.com\/anonymapparel.fr","https:\/\/www.instagram.com\/anonym_apparel\/","https:\/\/www.pinterest.fr\/anonymapparel\/"]}]}},"_links":{"self":[{"href":"https:\/\/www.anonymapparel.com\/en\/wp-json\/wp\/v2\/pages\/3","targetHints":{"allow":["GET"]}}],"collection":[{"href":"https:\/\/www.anonymapparel.com\/en\/wp-json\/wp\/v2\/pages"}],"about":[{"href":"https:\/\/www.anonymapparel.com\/en\/wp-json\/wp\/v2\/types\/page"}],"author":[{"embeddable":true,"href":"https:\/\/www.anonymapparel.com\/en\/wp-json\/wp\/v2\/users\/4"}],"replies":[{"embeddable":true,"href":"https:\/\/www.anonymapparel.com\/en\/wp-json\/wp\/v2\/comments?post=3"}],"version-history":[{"count":0,"href":"https:\/\/www.anonymapparel.com\/en\/wp-json\/wp\/v2\/pages\/3\/revisions"}],"wp:attachment":[{"href":"https:\/\/www.anonymapparel.com\/en\/wp-json\/wp\/v2\/media?parent=3"}],"curies":[{"name":"wp","href":"https:\/\/api.w.org\/{rel}","templated":true}]}}